{"id":100,"date":"2014-09-03T16:39:52","date_gmt":"2014-09-03T16:39:52","guid":{"rendered":"https:\/\/www.formabinari.com\/?page_id=100"},"modified":"2016-02-24T16:31:24","modified_gmt":"2016-02-24T16:31:24","slug":"servicio-tecnico","status":"publish","type":"page","link":"https:\/\/www.formabinari.com\/ca\/manteniment-informatic\/","title":{"rendered":"Manteniment inform\u00e1tic"},"content":{"rendered":"<p>\n\t\t\t<!-- START Servei T\u00e8cnic REVOLUTION SLIDER 6.1.5 --><p class=\"rs-p-wp-fix\"><\/p>\n\t\t\t<rs-module-wrap id=\"rev_slider_15_2_wrapper\" data-source=\"gallery\" data-aimg=\"\"  style=\"background:#E9E9E9;padding:0;margin:0px auto;margin-top:0;margin-bottom:0;\">\n\t\t\t\t<rs-module id=\"rev_slider_15_2\" style=\"display:none;\" data-version=\"6.1.5\">\n\t\t\t\t\t<rs-slides>\n\t\t\t\t\t\t<rs-slide data-key=\"rs-17\" data-title=\"Slide\" data-anim=\"ei:d;eo:d;s:300;r:0;t:random;sl:7;\" data-firstanim=\"t:fade;s:500;sl:7;\">\n\t\t\t\t\t\t\t<img decoding=\"async\" src=\"\/\/www.formabinari.com\/wp-content\/uploads\/2015\/05\/serveiTecnic.png\" title=\"Manteniment inform\u00e1tic\" class=\"rev-slidebg\" data-no-retina>\n<!---->\t\t\t\t\t\t<\/rs-slide>\n\t\t\t\t\t<\/rs-slides>\n\t\t\t\t\t<rs-progress style=\"height: 5px; background: #FFFFFF;\"><\/rs-progress>\n\t\t\t\t<\/rs-module>\n\t\t\t\t<script type=\"text\/javascript\">\n\t\t\t\t\tsetREVStartSize({c: 'rev_slider_15_2',rl:[1240,1024,778,480],el:[],gw:[960],gh:[290],layout:'fullwidth',mh:\"0\"});\n\t\t\t\t\tvar\trevapi15,\n\t\t\t\t\t\ttpj;\n\t\t\t\t\tjQuery(function() {\n\t\t\t\t\t\ttpj = jQuery;\n\t\t\t\t\t\ttpj.noConflict();\n\t\t\t\t\t\tif(tpj(\"#rev_slider_15_2\").revolution == undefined){\n\t\t\t\t\t\t\trevslider_showDoubleJqueryError(\"#rev_slider_15_2\");\n\t\t\t\t\t\t}else{\n\t\t\t\t\t\t\trevapi15 = tpj(\"#rev_slider_15_2\").show().revolution({\n\t\t\t\t\t\t\t\tjsFileLocation:\"\/\/www.formabinari.com\/wp-content\/plugins\/revslider\/public\/assets\/js\/\",\n\t\t\t\t\t\t\t\tvisibilityLevels:\"1240,1024,778,480\",\n\t\t\t\t\t\t\t\tgridwidth:960,\n\t\t\t\t\t\t\t\tgridheight:290,\n\t\t\t\t\t\t\t\tminHeight:\"\",\n\t\t\t\t\t\t\t\thideSliderAtLimit:501,\n\t\t\t\t\t\t\t\tspinner:\"spinner5\",\n\t\t\t\t\t\t\t\tresponsiveLevels:\"1240,1024,778,480\",\n\t\t\t\t\t\t\t\tnavigation: {\n\t\t\t\t\t\t\t\t\tmouseScrollNavigation:false,\n\t\t\t\t\t\t\t\t\ttouch: {\n\t\t\t\t\t\t\t\t\t\ttouchenabled:true\n\t\t\t\t\t\t\t\t\t}\n\t\t\t\t\t\t\t\t},\n\t\t\t\t\t\t\t\tfallbacks: {\n\t\t\t\t\t\t\t\t\tsimplifyAll:\"\",\n\t\t\t\t\t\t\t\t\tignoreHeightChanges:\"\",\n\t\t\t\t\t\t\t\t\tallowHTML5AutoPlayOnAndroid:true\n\t\t\t\t\t\t\t\t},\n\t\t\t\t\t\t\t});\n\t\t\t\t\t\t}\n\t\t\t\t\t\t\n\t\t\t\t\t});\n\t\t\t\t<\/script>\n\t\t\t<\/rs-module-wrap>\n\t\t\t<!-- END REVOLUTION SLIDER -->\n<div class=\"bordeSlider\"><\/div>\n<div class=\"one_half\">\n<h4>LA SALUT DELS SEUS EQUIPS<\/h4>\n<p>&#8211; <strong>Sistemes i manteniment de xarxes<\/strong>: Els sistemes inform\u00e0tics s\u00f3n la base sobre la qual les empreses organitzen i desenvolupen les seves tasques di\u00e0ries, \u00e9s per aix\u00f2 que li oferim els nostres coneixements i experi\u00e8ncia per mantenir la seva infraestructura estable i en perfecte estat.<\/p>\n<p>Els nostrees contractes de Manteniment Inform\u00e0tic s\u00f3n la soluci\u00f3 ideal, ja que permeten establir uns costos fixes en despeses perqu\u00e8 oferim una soluci\u00f3 en r\u00e8gim de la tarifa plana i obtenir el millor servei possible gr\u00e0cies a l&#8217;\u00fas de l&#8217;acc\u00e9s remot per obtenir resposta immediata sense la necessitat de despla\u00e7ament per part d&#8217;un t\u00e8cnic.<\/p>\n<p>Oferim quotes tarifa plana que inclouen tot tipus de soluciones integrals per mantenir un manteniment inform\u00e0tic d&#8217;acord amb les seves necessitats.<\/p>\n<p>Tamb\u00e9 oferim serveis individuals amb c\u00f2modes pressupostos per a solucions inform\u00e0tiques concretes.<\/p>\n<\/div>\n<div class=\"one_half last\">\n<p>&#8211; <strong>Instal\u00b7laci\u00f3 de xarxes<\/strong>: Disposem d&#8217;una \u00e0mplia gamma de possibilitats per instal\u00b7lar una infraestructura completa de xarxes. Som especialistes en el disseny i la implantaci\u00f3 de xarxes inform\u00e0tiques, treballant amb les millors tecnologies.<\/p>\n<p>La nostra \u00e0mplia experi\u00e8ncia se centra en la instal\u00b7laci\u00f3 de cablejat per a xarxes inform\u00e0tiques de Pimes, aix\u00ed com cablejat d&#8217;\u00e0mplia envergadura. Sempre centrant els nostres esfor\u00e7os a garantir les solucions t\u00e8cniques que resolguin les necessitats del moment dels nostres clients. Els nostres equips compten amb alts requeriments t\u00e8cnics per poder desenvolupar la instal\u00b7laci\u00f3 en el menor temps pssible i garantint un servei integral.<\/p>\n<p>&#8211;<strong> Instal\u00b7laci\u00f3 Wifi<\/strong>: Estem capacitats per oferir una \u00e0mplia gama de productes i solucions per a qualsevol tipus d&#8217;empresa, garantint sempre el major rendiment de la xarxa Wifi. Permet una interconnexi\u00f3 dels equips inform\u00e0tics dels teus treballadors amb la instal\u00b7laci\u00f3 d&#8217;una xarxa Wifi completa i d&#8217;\u00faltima generaci\u00f3.<\/p>\n<p>Els nostres t\u00e8cnics estudien i planifiquen les millors possibilitats per oferir connexions estables en qualsevol tipus d&#8217;entorn.<\/p>\n<p>&#8211; <strong>Soluci\u00f3 VPN<\/strong>: Les solucions VPN et permetran disposar de connexions segures a altres xarxes a trav\u00e9s d&#8217;Internet en qualsevol lloc i amb qualsevol dispositiu.<\/p>\n<p>Hi ha diferents funcionalitats que poden oferir les VPN, des de connectar m\u00faltiples intranets des d&#8217;oficines remotes i empleats m\u00f2bils fins a connectar m\u00faltiples intranets dins d&#8217;una organitzaci\u00f3 passant per connectar intranets entre organitzacions.<\/p>\n<p>Els nostres t\u00e8cnics poden estudiar les teves necessitats per valorar quin \u00e9s la soluci\u00f3 VPN que millor aconsegueix els teus objectius i necessitats.<\/p>\n<\/div>\n<div class=\"clear\"><\/div>\n<p><\/p>","protected":false},"excerpt":{"rendered":"<p>LA SALUT DELS SEUS EQUIPS &#8211; Sistemes i manteniment de xarxes: Els sistemes inform\u00e0tics s\u00f3n la base sobre la qual les empreses organitzen i desenvolupen les seves tasques di\u00e0ries, \u00e9s\u2026 <a href=\"https:\/\/www.formabinari.com\/ca\/manteniment-informatic\/\" class=\"read-more-link\">read more &rarr;<\/a><\/p>\n","protected":false},"author":1,"featured_media":0,"parent":0,"menu_order":0,"comment_status":"closed","ping_status":"open","template":"page-fullwidth.php","meta":{"_acf_changed":false,"footnotes":""},"class_list":["post-100","page","type-page","status-publish","hentry"],"acf":[],"yoast_head":"<!-- This site is optimized with the Yoast SEO plugin v21.6 - https:\/\/yoast.com\/wordpress\/plugins\/seo\/ -->\n<title>Manteniment inform\u00e1tic - FORMABINARI SL<\/title>\n<meta name=\"robots\" content=\"index, follow, max-snippet:-1, max-image-preview:large, max-video-preview:-1\" \/>\n<link rel=\"canonical\" href=\"https:\/\/www.formabinari.com\/mantenimiento-informatico\/\" \/>\n<meta property=\"og:locale\" content=\"ca_ES\" \/>\n<meta property=\"og:type\" content=\"article\" \/>\n<meta property=\"og:title\" content=\"[:es]Mantenimiento inform\u00e1tico[:ca]Manteniment inform\u00e1tic[:] - FORMABINARI SL\" \/>\n<meta property=\"og:description\" content=\"LA SALUT DELS SEUS EQUIPS &#8211; Sistemes i manteniment de xarxes: Els sistemes inform\u00e0tics s\u00f3n la base sobre la qual les empreses organitzen i desenvolupen les seves tasques di\u00e0ries, \u00e9s\u2026 read more &rarr;\" \/>\n<meta property=\"og:url\" content=\"https:\/\/www.formabinari.com\/mantenimiento-informatico\/\" \/>\n<meta property=\"og:site_name\" content=\"FORMABINARI SL\" \/>\n<meta property=\"article:modified_time\" content=\"2016-02-24T16:31:24+00:00\" \/>\n<meta name=\"twitter:card\" content=\"summary_large_image\" \/>\n<meta name=\"twitter:label1\" content=\"Est. reading time\" \/>\n\t<meta name=\"twitter:data1\" content=\"4 minutes\" \/>\n<script type=\"application\/ld+json\" class=\"yoast-schema-graph\">{\"@context\":\"https:\/\/schema.org\",\"@graph\":[{\"@type\":\"WebPage\",\"@id\":\"https:\/\/www.formabinari.com\/mantenimiento-informatico\/\",\"url\":\"https:\/\/www.formabinari.com\/mantenimiento-informatico\/\",\"name\":\"[:es]Mantenimiento inform\u00e1tico[:ca]Manteniment inform\u00e1tic[:] - FORMABINARI SL\",\"isPartOf\":{\"@id\":\"https:\/\/www.formabinari.com\/#website\"},\"datePublished\":\"2014-09-03T16:39:52+00:00\",\"dateModified\":\"2016-02-24T16:31:24+00:00\",\"breadcrumb\":{\"@id\":\"https:\/\/www.formabinari.com\/mantenimiento-informatico\/#breadcrumb\"},\"inLanguage\":\"ca-ES\",\"potentialAction\":[{\"@type\":\"ReadAction\",\"target\":[\"https:\/\/www.formabinari.com\/mantenimiento-informatico\/\"]}]},{\"@type\":\"BreadcrumbList\",\"@id\":\"https:\/\/www.formabinari.com\/mantenimiento-informatico\/#breadcrumb\",\"itemListElement\":[{\"@type\":\"ListItem\",\"position\":1,\"name\":\"Portada\",\"item\":\"https:\/\/www.formabinari.com\/\"},{\"@type\":\"ListItem\",\"position\":2,\"name\":\"Mantenimiento inform\u00e1tico\"}]},{\"@type\":\"WebSite\",\"@id\":\"https:\/\/www.formabinari.com\/#website\",\"url\":\"https:\/\/www.formabinari.com\/\",\"name\":\"FORMABINARI SL\",\"description\":\"Internet Solutions\",\"potentialAction\":[{\"@type\":\"SearchAction\",\"target\":{\"@type\":\"EntryPoint\",\"urlTemplate\":\"https:\/\/www.formabinari.com\/?s={search_term_string}\"},\"query-input\":\"required name=search_term_string\"}],\"inLanguage\":\"ca-ES\"}]}<\/script>\n<!-- \/ Yoast SEO plugin. -->","yoast_head_json":{"title":"[:es]Mantenimiento inform\u00e1tico[:ca]Manteniment inform\u00e1tic[:] - FORMABINARI SL","robots":{"index":"index","follow":"follow","max-snippet":"max-snippet:-1","max-image-preview":"max-image-preview:large","max-video-preview":"max-video-preview:-1"},"canonical":"https:\/\/www.formabinari.com\/mantenimiento-informatico\/","og_locale":"ca_ES","og_type":"article","og_title":"[:es]Mantenimiento inform\u00e1tico[:ca]Manteniment inform\u00e1tic[:] - FORMABINARI SL","og_description":"LA SALUT DELS SEUS EQUIPS &#8211; Sistemes i manteniment de xarxes: Els sistemes inform\u00e0tics s\u00f3n la base sobre la qual les empreses organitzen i desenvolupen les seves tasques di\u00e0ries, \u00e9s\u2026 read more &rarr;","og_url":"https:\/\/www.formabinari.com\/mantenimiento-informatico\/","og_site_name":"FORMABINARI SL","article_modified_time":"2016-02-24T16:31:24+00:00","twitter_card":"summary_large_image","twitter_misc":{"Est. reading time":"4 minutes"},"schema":{"@context":"https:\/\/schema.org","@graph":[{"@type":"WebPage","@id":"https:\/\/www.formabinari.com\/mantenimiento-informatico\/","url":"https:\/\/www.formabinari.com\/mantenimiento-informatico\/","name":"[:es]Mantenimiento inform\u00e1tico[:ca]Manteniment inform\u00e1tic[:] - FORMABINARI SL","isPartOf":{"@id":"https:\/\/www.formabinari.com\/#website"},"datePublished":"2014-09-03T16:39:52+00:00","dateModified":"2016-02-24T16:31:24+00:00","breadcrumb":{"@id":"https:\/\/www.formabinari.com\/mantenimiento-informatico\/#breadcrumb"},"inLanguage":"ca-ES","potentialAction":[{"@type":"ReadAction","target":["https:\/\/www.formabinari.com\/mantenimiento-informatico\/"]}]},{"@type":"BreadcrumbList","@id":"https:\/\/www.formabinari.com\/mantenimiento-informatico\/#breadcrumb","itemListElement":[{"@type":"ListItem","position":1,"name":"Portada","item":"https:\/\/www.formabinari.com\/"},{"@type":"ListItem","position":2,"name":"Mantenimiento inform\u00e1tico"}]},{"@type":"WebSite","@id":"https:\/\/www.formabinari.com\/#website","url":"https:\/\/www.formabinari.com\/","name":"FORMABINARI SL","description":"Internet Solutions","potentialAction":[{"@type":"SearchAction","target":{"@type":"EntryPoint","urlTemplate":"https:\/\/www.formabinari.com\/?s={search_term_string}"},"query-input":"required name=search_term_string"}],"inLanguage":"ca-ES"}]}},"_links":{"self":[{"href":"https:\/\/www.formabinari.com\/ca\/wp-json\/wp\/v2\/pages\/100","targetHints":{"allow":["GET"]}}],"collection":[{"href":"https:\/\/www.formabinari.com\/ca\/wp-json\/wp\/v2\/pages"}],"about":[{"href":"https:\/\/www.formabinari.com\/ca\/wp-json\/wp\/v2\/types\/page"}],"author":[{"embeddable":true,"href":"https:\/\/www.formabinari.com\/ca\/wp-json\/wp\/v2\/users\/1"}],"replies":[{"embeddable":true,"href":"https:\/\/www.formabinari.com\/ca\/wp-json\/wp\/v2\/comments?post=100"}],"version-history":[{"count":20,"href":"https:\/\/www.formabinari.com\/ca\/wp-json\/wp\/v2\/pages\/100\/revisions"}],"predecessor-version":[{"id":477,"href":"https:\/\/www.formabinari.com\/ca\/wp-json\/wp\/v2\/pages\/100\/revisions\/477"}],"wp:attachment":[{"href":"https:\/\/www.formabinari.com\/ca\/wp-json\/wp\/v2\/media?parent=100"}],"curies":[{"name":"wp","href":"https:\/\/api.w.org\/{rel}","templated":true}]}}