{"id":115,"date":"2014-09-08T08:53:19","date_gmt":"2014-09-08T08:53:19","guid":{"rendered":"https:\/\/www.formabinari.com\/?page_id=115"},"modified":"2021-02-12T13:30:17","modified_gmt":"2021-02-12T12:30:17","slug":"hosting","status":"publish","type":"page","link":"https:\/\/www.formabinari.com\/ca\/cloud\/","title":{"rendered":"Cloud"},"content":{"rendered":"<p>[vc_row][vc_column]\n\t\t\t<!-- START hosting REVOLUTION SLIDER 6.1.5 --><p class=\"rs-p-wp-fix\"><\/p>\n\t\t\t<rs-module-wrap id=\"rev_slider_4_2_wrapper\" data-source=\"gallery\" data-aimg=\"\"  style=\"background:#E9E9E9;padding:0;margin:0px auto;margin-top:0;margin-bottom:0;\">\n\t\t\t\t<rs-module id=\"rev_slider_4_2\" style=\"display:none;\" data-version=\"6.1.5\">\n\t\t\t\t\t<rs-slides>\n\t\t\t\t\t\t<rs-slide data-key=\"rs-6\" data-title=\"Slide\" data-anim=\"ei:d;eo:d;s:300;r:0;t:random;sl:7;\" data-firstanim=\"t:fade;s:500;sl:7;\">\n\t\t\t\t\t\t\t<img decoding=\"async\" src=\"\/\/www.formabinari.com\/wp-content\/uploads\/2014\/09\/BannerHosting.jpg\" title=\"Cloud\" class=\"rev-slidebg\" data-no-retina>\n<!---->\t\t\t\t\t\t<\/rs-slide>\n\t\t\t\t\t<\/rs-slides>\n\t\t\t\t\t<rs-progress style=\"height: 5px; background: #FFFFFF;\"><\/rs-progress>\n\t\t\t\t<\/rs-module>\n\t\t\t\t<script type=\"text\/javascript\">\n\t\t\t\t\tsetREVStartSize({c: 'rev_slider_4_2',rl:[1240,1024,778,480],el:[],gw:[960],gh:[290],layout:'fullwidth',mh:\"0\"});\n\t\t\t\t\tvar\trevapi4,\n\t\t\t\t\t\ttpj;\n\t\t\t\t\tjQuery(function() {\n\t\t\t\t\t\ttpj = jQuery;\n\t\t\t\t\t\ttpj.noConflict();\n\t\t\t\t\t\tif(tpj(\"#rev_slider_4_2\").revolution == undefined){\n\t\t\t\t\t\t\trevslider_showDoubleJqueryError(\"#rev_slider_4_2\");\n\t\t\t\t\t\t}else{\n\t\t\t\t\t\t\trevapi4 = tpj(\"#rev_slider_4_2\").show().revolution({\n\t\t\t\t\t\t\t\tjsFileLocation:\"\/\/www.formabinari.com\/wp-content\/plugins\/revslider\/public\/assets\/js\/\",\n\t\t\t\t\t\t\t\tvisibilityLevels:\"1240,1024,778,480\",\n\t\t\t\t\t\t\t\tgridwidth:960,\n\t\t\t\t\t\t\t\tgridheight:290,\n\t\t\t\t\t\t\t\tminHeight:\"\",\n\t\t\t\t\t\t\t\thideSliderAtLimit:501,\n\t\t\t\t\t\t\t\tspinner:\"spinner5\",\n\t\t\t\t\t\t\t\tresponsiveLevels:\"1240,1024,778,480\",\n\t\t\t\t\t\t\t\tnavigation: {\n\t\t\t\t\t\t\t\t\tmouseScrollNavigation:false,\n\t\t\t\t\t\t\t\t\ttouch: {\n\t\t\t\t\t\t\t\t\t\ttouchenabled:true\n\t\t\t\t\t\t\t\t\t}\n\t\t\t\t\t\t\t\t},\n\t\t\t\t\t\t\t\tfallbacks: {\n\t\t\t\t\t\t\t\t\tsimplifyAll:\"\",\n\t\t\t\t\t\t\t\t\tignoreHeightChanges:\"\",\n\t\t\t\t\t\t\t\t\tallowHTML5AutoPlayOnAndroid:true\n\t\t\t\t\t\t\t\t},\n\t\t\t\t\t\t\t});\n\t\t\t\t\t\t}\n\t\t\t\t\t\t\n\t\t\t\t\t});\n\t\t\t\t<\/script>\n\t\t\t<\/rs-module-wrap>\n\t\t\t<!-- END REVOLUTION SLIDER -->\n[\/vc_column][\/vc_row][vc_row][vc_column][vc_column_text]<div class=\"bordeSlider\"><\/div>\n<div class=\"destacado\">\n<div class=\"one_half\">\n<h4>Hosting, Servidors Compartits, Servidors Dedicats i Dominis<\/h4>\n<p>El servei de <b>hosting<\/b> o dit d&#8217;una altra manera, allotjament web, significa que li proporcionem un espai en els nostres servidors (ordinadors connectats 24h. a la xarxa) que li permetr\u00e0 emmagatzemar la seva p\u00e0gina web, informaci\u00f3, imatges, v\u00eddeos, etc. D&#8217;aquesta manera tothom podr\u00e0 accedir a la seva web a trav\u00e9s d&#8217;Internet amb el seu domini propi (http:\/\/www.elteudomini.com).<\/p>\n<p>Paral\u00b7lelament disposem de serveis de <b>correu electr\u00f2nic<\/b> que tamb\u00e9 podr\u00e0 disposar sobre el seu domini i amb els serveis associats a programes client de correu electr\u00f2nic (tipus Outlook, Eudora, Entourage, Thuderbird,&#8230;) o via WebMail. Aix\u00ed mateix inclou servei d&#8217;autorespostes (fora oficina), antivirus i antispam (integrats en el servidor).<\/p>\n<\/div>\n<div class=\"one_half last\">\n<p>En quant als <b>dominis<\/b> ens podem encarregar del registre i la renovaci\u00f3, de qualsevol domini .COM, .NET, .ORG, .CAT, .ES, etc.<\/p>\n<p>Per a empreses amb solucions web amb una alta demanda disposem de <b>Servidors Dedicats<\/b> per allotjar de forma independent la seva web, tenda virtual, aplicaci\u00f3 online, terminal server, etc.<\/p>\n<p>Aix\u00ed mateix podem personalitzar la soluci\u00f3 oferida a les necessitats del seu projecte. Consulti&#8217;ns.<\/p>\n<\/div>\n<div class=\"clear\"><\/div>\n<\/div>\n<p>[\/vc_column_text][\/vc_column][\/vc_row]<\/p>","protected":false},"excerpt":{"rendered":"<p>[vc_row][vc_column][\/vc_column][\/vc_row][vc_row][vc_column][vc_column_text] Hosting, Servidors Compartits, Servidors Dedicats i Dominis El servei de hosting o dit d&#8217;una altra manera, allotjament web, significa que li proporcionem un espai en els nostres servidors (ordinadors\u2026 <a href=\"https:\/\/www.formabinari.com\/ca\/cloud\/\" class=\"read-more-link\">read more &rarr;<\/a><\/p>\n","protected":false},"author":1,"featured_media":0,"parent":0,"menu_order":0,"comment_status":"closed","ping_status":"open","template":"page-fullwidth.php","meta":{"_acf_changed":false,"footnotes":""},"class_list":["post-115","page","type-page","status-publish","hentry"],"acf":[],"yoast_head":"<!-- This site is optimized with the Yoast SEO plugin v21.6 - https:\/\/yoast.com\/wordpress\/plugins\/seo\/ -->\n<title>Cloud - FORMABINARI SL<\/title>\n<meta name=\"robots\" content=\"index, follow, max-snippet:-1, max-image-preview:large, max-video-preview:-1\" \/>\n<link rel=\"canonical\" href=\"https:\/\/www.formabinari.com\/cloud\/\" \/>\n<meta property=\"og:locale\" content=\"ca_ES\" \/>\n<meta property=\"og:type\" content=\"article\" \/>\n<meta property=\"og:title\" content=\"Cloud - FORMABINARI SL\" \/>\n<meta property=\"og:description\" content=\"[vc_row][vc_column][\/vc_column][\/vc_row][vc_row][vc_column][vc_column_text] Hosting, Servidors Compartits, Servidors Dedicats i Dominis El servei de hosting o dit d&#8217;una altra manera, allotjament web, significa que li proporcionem un espai en els nostres servidors (ordinadors\u2026 read more &rarr;\" \/>\n<meta property=\"og:url\" content=\"https:\/\/www.formabinari.com\/cloud\/\" \/>\n<meta property=\"og:site_name\" content=\"FORMABINARI SL\" \/>\n<meta property=\"article:modified_time\" content=\"2021-02-12T12:30:17+00:00\" \/>\n<meta name=\"twitter:card\" content=\"summary_large_image\" \/>\n<meta name=\"twitter:label1\" content=\"Est. reading time\" \/>\n\t<meta name=\"twitter:data1\" content=\"3 minutes\" \/>\n<script type=\"application\/ld+json\" class=\"yoast-schema-graph\">{\"@context\":\"https:\/\/schema.org\",\"@graph\":[{\"@type\":\"WebPage\",\"@id\":\"https:\/\/www.formabinari.com\/cloud\/\",\"url\":\"https:\/\/www.formabinari.com\/cloud\/\",\"name\":\"Cloud - FORMABINARI SL\",\"isPartOf\":{\"@id\":\"https:\/\/www.formabinari.com\/#website\"},\"datePublished\":\"2014-09-08T08:53:19+00:00\",\"dateModified\":\"2021-02-12T12:30:17+00:00\",\"breadcrumb\":{\"@id\":\"https:\/\/www.formabinari.com\/cloud\/#breadcrumb\"},\"inLanguage\":\"ca-ES\",\"potentialAction\":[{\"@type\":\"ReadAction\",\"target\":[\"https:\/\/www.formabinari.com\/cloud\/\"]}]},{\"@type\":\"BreadcrumbList\",\"@id\":\"https:\/\/www.formabinari.com\/cloud\/#breadcrumb\",\"itemListElement\":[{\"@type\":\"ListItem\",\"position\":1,\"name\":\"Portada\",\"item\":\"https:\/\/www.formabinari.com\/\"},{\"@type\":\"ListItem\",\"position\":2,\"name\":\"Cloud\"}]},{\"@type\":\"WebSite\",\"@id\":\"https:\/\/www.formabinari.com\/#website\",\"url\":\"https:\/\/www.formabinari.com\/\",\"name\":\"FORMABINARI SL\",\"description\":\"Internet Solutions\",\"potentialAction\":[{\"@type\":\"SearchAction\",\"target\":{\"@type\":\"EntryPoint\",\"urlTemplate\":\"https:\/\/www.formabinari.com\/?s={search_term_string}\"},\"query-input\":\"required name=search_term_string\"}],\"inLanguage\":\"ca-ES\"}]}<\/script>\n<!-- \/ Yoast SEO plugin. -->","yoast_head_json":{"title":"Cloud - FORMABINARI SL","robots":{"index":"index","follow":"follow","max-snippet":"max-snippet:-1","max-image-preview":"max-image-preview:large","max-video-preview":"max-video-preview:-1"},"canonical":"https:\/\/www.formabinari.com\/cloud\/","og_locale":"ca_ES","og_type":"article","og_title":"Cloud - FORMABINARI SL","og_description":"[vc_row][vc_column][\/vc_column][\/vc_row][vc_row][vc_column][vc_column_text] Hosting, Servidors Compartits, Servidors Dedicats i Dominis El servei de hosting o dit d&#8217;una altra manera, allotjament web, significa que li proporcionem un espai en els nostres servidors (ordinadors\u2026 read more &rarr;","og_url":"https:\/\/www.formabinari.com\/cloud\/","og_site_name":"FORMABINARI SL","article_modified_time":"2021-02-12T12:30:17+00:00","twitter_card":"summary_large_image","twitter_misc":{"Est. reading time":"3 minutes"},"schema":{"@context":"https:\/\/schema.org","@graph":[{"@type":"WebPage","@id":"https:\/\/www.formabinari.com\/cloud\/","url":"https:\/\/www.formabinari.com\/cloud\/","name":"Cloud - FORMABINARI SL","isPartOf":{"@id":"https:\/\/www.formabinari.com\/#website"},"datePublished":"2014-09-08T08:53:19+00:00","dateModified":"2021-02-12T12:30:17+00:00","breadcrumb":{"@id":"https:\/\/www.formabinari.com\/cloud\/#breadcrumb"},"inLanguage":"ca-ES","potentialAction":[{"@type":"ReadAction","target":["https:\/\/www.formabinari.com\/cloud\/"]}]},{"@type":"BreadcrumbList","@id":"https:\/\/www.formabinari.com\/cloud\/#breadcrumb","itemListElement":[{"@type":"ListItem","position":1,"name":"Portada","item":"https:\/\/www.formabinari.com\/"},{"@type":"ListItem","position":2,"name":"Cloud"}]},{"@type":"WebSite","@id":"https:\/\/www.formabinari.com\/#website","url":"https:\/\/www.formabinari.com\/","name":"FORMABINARI SL","description":"Internet Solutions","potentialAction":[{"@type":"SearchAction","target":{"@type":"EntryPoint","urlTemplate":"https:\/\/www.formabinari.com\/?s={search_term_string}"},"query-input":"required name=search_term_string"}],"inLanguage":"ca-ES"}]}},"_links":{"self":[{"href":"https:\/\/www.formabinari.com\/ca\/wp-json\/wp\/v2\/pages\/115","targetHints":{"allow":["GET"]}}],"collection":[{"href":"https:\/\/www.formabinari.com\/ca\/wp-json\/wp\/v2\/pages"}],"about":[{"href":"https:\/\/www.formabinari.com\/ca\/wp-json\/wp\/v2\/types\/page"}],"author":[{"embeddable":true,"href":"https:\/\/www.formabinari.com\/ca\/wp-json\/wp\/v2\/users\/1"}],"replies":[{"embeddable":true,"href":"https:\/\/www.formabinari.com\/ca\/wp-json\/wp\/v2\/comments?post=115"}],"version-history":[{"count":24,"href":"https:\/\/www.formabinari.com\/ca\/wp-json\/wp\/v2\/pages\/115\/revisions"}],"predecessor-version":[{"id":648,"href":"https:\/\/www.formabinari.com\/ca\/wp-json\/wp\/v2\/pages\/115\/revisions\/648"}],"wp:attachment":[{"href":"https:\/\/www.formabinari.com\/ca\/wp-json\/wp\/v2\/media?parent=115"}],"curies":[{"name":"wp","href":"https:\/\/api.w.org\/{rel}","templated":true}]}}