{"id":121,"date":"2014-09-08T09:03:07","date_gmt":"2014-09-08T09:03:07","guid":{"rendered":"https:\/\/www.formabinari.com\/?page_id=121"},"modified":"2026-01-21T12:50:34","modified_gmt":"2026-01-21T11:50:34","slug":"area-clientes","status":"publish","type":"page","link":"https:\/\/www.formabinari.com\/ca\/area-clients\/","title":{"rendered":"\u00c0rea Clients"},"content":{"rendered":"<p>\n\t\t\t<!-- START areaClientes REVOLUTION SLIDER 6.1.5 --><p class=\"rs-p-wp-fix\"><\/p>\n\t\t\t<rs-module-wrap id=\"rev_slider_5_2_wrapper\" data-source=\"gallery\" data-aimg=\"\"  style=\"background:#E9E9E9;padding:0;margin:0px auto;margin-top:0;margin-bottom:0;\">\n\t\t\t\t<rs-module id=\"rev_slider_5_2\" style=\"display:none;\" data-version=\"6.1.5\">\n\t\t\t\t\t<rs-slides>\n\t\t\t\t\t\t<rs-slide data-key=\"rs-7\" data-title=\"Slide\" data-anim=\"ei:d;eo:d;s:300;r:0;t:random;sl:7;\" data-firstanim=\"t:fade;s:500;sl:7;\">\n\t\t\t\t\t\t\t<img decoding=\"async\" src=\"\/\/www.formabinari.com\/wp-content\/uploads\/2014\/09\/BannerAreaC.jpg\" title=\"\u00c0rea Clients\" class=\"rev-slidebg\" data-no-retina>\n<!---->\t\t\t\t\t\t<\/rs-slide>\n\t\t\t\t\t<\/rs-slides>\n\t\t\t\t\t<rs-progress style=\"height: 5px; background: #FFFFFF;\"><\/rs-progress>\n\t\t\t\t<\/rs-module>\n\t\t\t\t<script type=\"text\/javascript\">\n\t\t\t\t\tsetREVStartSize({c: 'rev_slider_5_2',rl:[1240,1024,778,480],el:[],gw:[960],gh:[290],layout:'fullwidth',mh:\"0\"});\n\t\t\t\t\tvar\trevapi5,\n\t\t\t\t\t\ttpj;\n\t\t\t\t\tjQuery(function() {\n\t\t\t\t\t\ttpj = jQuery;\n\t\t\t\t\t\ttpj.noConflict();\n\t\t\t\t\t\tif(tpj(\"#rev_slider_5_2\").revolution == undefined){\n\t\t\t\t\t\t\trevslider_showDoubleJqueryError(\"#rev_slider_5_2\");\n\t\t\t\t\t\t}else{\n\t\t\t\t\t\t\trevapi5 = tpj(\"#rev_slider_5_2\").show().revolution({\n\t\t\t\t\t\t\t\tjsFileLocation:\"\/\/www.formabinari.com\/wp-content\/plugins\/revslider\/public\/assets\/js\/\",\n\t\t\t\t\t\t\t\tvisibilityLevels:\"1240,1024,778,480\",\n\t\t\t\t\t\t\t\tgridwidth:960,\n\t\t\t\t\t\t\t\tgridheight:290,\n\t\t\t\t\t\t\t\tminHeight:\"\",\n\t\t\t\t\t\t\t\thideSliderAtLimit:501,\n\t\t\t\t\t\t\t\tspinner:\"spinner5\",\n\t\t\t\t\t\t\t\tresponsiveLevels:\"1240,1024,778,480\",\n\t\t\t\t\t\t\t\tnavigation: {\n\t\t\t\t\t\t\t\t\tmouseScrollNavigation:false,\n\t\t\t\t\t\t\t\t\ttouch: {\n\t\t\t\t\t\t\t\t\t\ttouchenabled:true\n\t\t\t\t\t\t\t\t\t}\n\t\t\t\t\t\t\t\t},\n\t\t\t\t\t\t\t\tfallbacks: {\n\t\t\t\t\t\t\t\t\tsimplifyAll:\"\",\n\t\t\t\t\t\t\t\t\tignoreHeightChanges:\"\",\n\t\t\t\t\t\t\t\t\tallowHTML5AutoPlayOnAndroid:true\n\t\t\t\t\t\t\t\t},\n\t\t\t\t\t\t\t});\n\t\t\t\t\t\t}\n\t\t\t\t\t\t\n\t\t\t\t\t});\n\t\t\t\t<\/script>\n\t\t\t<\/rs-module-wrap>\n\t\t\t<!-- END REVOLUTION SLIDER -->\n<div class=\"bordeSlider\"><\/div>\n<div>\n<div style=\"float: left; width: 400px;\">\n<h4><a target=\"_blank\" href=\"https:\/\/webmail.formabinari.com\/roundcube\/\" rel=\"noopener\">WEBMAIL<\/a><\/h4>\n<\/div>\n<div style=\"float: left;\">\n<h4>ASSIST\u00c8NCIA REMOTA<\/h4>\n<div style=\"float: right; text-align: right;\"><a href=\"https:\/\/quicksupport.me\/s124094849\"><\/p>\n<h4>Sesion Case<\/h4>\n<p><\/a><br \/>\n<a href=\"http:\/\/www.teamviewer.com\/download\/TeamViewerQS.exe\"><img loading=\"lazy\" decoding=\"async\" class=\"alignnone size-full wp-image-72\" src=\"https:\/\/www.formabinari.com\/wp-content\/uploads\/2014\/09\/windows.jpg\" alt=\"windows\" width=\"145\" height=\"58\" \/><\/a><br \/>\n<a href=\"http:\/\/download.teamviewer.com\/download\/TeamViewerQS.dmg\"><img loading=\"lazy\" decoding=\"async\" class=\"alignnone size-full wp-image-71\" src=\"https:\/\/www.formabinari.com\/wp-content\/uploads\/2014\/09\/mac.jpg\" alt=\"mac\" width=\"145\" height=\"58\" \/><\/a><br \/>\n<a href=\"https:\/\/download.teamviewer.com\/download\/version_14x\/TeamViewerQS.dmg\">v14<\/a><br \/>\n<a href=\"https:\/\/download.teamviewer.com\/download\/version_13x\/TeamViewerQS.dmg\">v13<\/a><br \/>\n<a href=\"https:\/\/apps.apple.com\/es\/app\/microsoft-remote-desktop-10\/id1295203466\">RDP<\/a><br \/>\n<a href=\"https:\/\/itunes.apple.com\/es\/app\/teamviewer-quicksupport\/id661649585?mt=8\"><img loading=\"lazy\" decoding=\"async\" class=\"alignnone size-medium wp-image-70\" src=\"https:\/\/www.formabinari.com\/wp-content\/uploads\/2016\/03\/ipad.jpg\" alt=\"ipad\" width=\"145\" height=\"58\" \/><\/a><br \/>\n<a href=\"https:\/\/play.google.com\/store\/apps\/details?id=com.teamviewer.quicksupport.market&amp;hl=es\"><img loading=\"lazy\" decoding=\"async\" class=\"alignnone size-medium wp-image-70\" src=\"https:\/\/www.formabinari.com\/wp-content\/uploads\/2016\/02\/android.jpg\" alt=\"ipad\" width=\"145\" height=\"58\" \/><\/a><\/div>\n<\/div>\n<\/div>\n<p><\/p>","protected":false},"excerpt":{"rendered":"<p>WEBMAIL ASSIST\u00c8NCIA REMOTA Sesion Case v14 v13 RDP<\/p>\n","protected":false},"author":1,"featured_media":0,"parent":0,"menu_order":0,"comment_status":"closed","ping_status":"open","template":"page-fullwidth.php","meta":{"_acf_changed":false,"footnotes":""},"class_list":["post-121","page","type-page","status-publish","hentry"],"acf":[],"yoast_head":"<!-- This site is optimized with the Yoast SEO plugin v21.6 - https:\/\/yoast.com\/wordpress\/plugins\/seo\/ -->\n<title>\u00c0rea Clients - FORMABINARI SL<\/title>\n<meta name=\"robots\" content=\"index, follow, max-snippet:-1, max-image-preview:large, max-video-preview:-1\" \/>\n<link rel=\"canonical\" href=\"https:\/\/www.formabinari.com\/area-clientes\/\" \/>\n<meta property=\"og:locale\" content=\"ca_ES\" \/>\n<meta property=\"og:type\" content=\"article\" \/>\n<meta property=\"og:title\" content=\"[:es]\u00c1rea Clientes[:ca]\u00c0rea Clients[:] - FORMABINARI SL\" \/>\n<meta property=\"og:description\" content=\"WEBMAIL ASSIST\u00c8NCIA REMOTA Sesion Case v14 v13 RDP\" \/>\n<meta property=\"og:url\" content=\"https:\/\/www.formabinari.com\/area-clientes\/\" \/>\n<meta property=\"og:site_name\" content=\"FORMABINARI SL\" \/>\n<meta property=\"article:modified_time\" content=\"2026-01-21T11:50:34+00:00\" \/>\n<meta property=\"og:image\" content=\"https:\/\/www.formabinari.com\/wp-content\/uploads\/2014\/09\/windows.jpg\" \/>\n<meta name=\"twitter:card\" content=\"summary_large_image\" \/>\n<meta name=\"twitter:label1\" content=\"Est. reading time\" \/>\n\t<meta name=\"twitter:data1\" content=\"2 minutes\" \/>\n<script type=\"application\/ld+json\" class=\"yoast-schema-graph\">{\"@context\":\"https:\/\/schema.org\",\"@graph\":[{\"@type\":\"WebPage\",\"@id\":\"https:\/\/www.formabinari.com\/area-clientes\/\",\"url\":\"https:\/\/www.formabinari.com\/area-clientes\/\",\"name\":\"[:es]\u00c1rea Clientes[:ca]\u00c0rea Clients[:] - FORMABINARI SL\",\"isPartOf\":{\"@id\":\"https:\/\/www.formabinari.com\/#website\"},\"datePublished\":\"2014-09-08T09:03:07+00:00\",\"dateModified\":\"2026-01-21T11:50:34+00:00\",\"breadcrumb\":{\"@id\":\"https:\/\/www.formabinari.com\/area-clientes\/#breadcrumb\"},\"inLanguage\":\"ca-ES\",\"potentialAction\":[{\"@type\":\"ReadAction\",\"target\":[\"https:\/\/www.formabinari.com\/area-clientes\/\"]}]},{\"@type\":\"BreadcrumbList\",\"@id\":\"https:\/\/www.formabinari.com\/area-clientes\/#breadcrumb\",\"itemListElement\":[{\"@type\":\"ListItem\",\"position\":1,\"name\":\"Portada\",\"item\":\"https:\/\/www.formabinari.com\/\"},{\"@type\":\"ListItem\",\"position\":2,\"name\":\"\u00c1rea Clientes\"}]},{\"@type\":\"WebSite\",\"@id\":\"https:\/\/www.formabinari.com\/#website\",\"url\":\"https:\/\/www.formabinari.com\/\",\"name\":\"FORMABINARI SL\",\"description\":\"Internet Solutions\",\"potentialAction\":[{\"@type\":\"SearchAction\",\"target\":{\"@type\":\"EntryPoint\",\"urlTemplate\":\"https:\/\/www.formabinari.com\/?s={search_term_string}\"},\"query-input\":\"required name=search_term_string\"}],\"inLanguage\":\"ca-ES\"}]}<\/script>\n<!-- \/ Yoast SEO plugin. -->","yoast_head_json":{"title":"[:es]\u00c1rea Clientes[:ca]\u00c0rea Clients[:] - FORMABINARI SL","robots":{"index":"index","follow":"follow","max-snippet":"max-snippet:-1","max-image-preview":"max-image-preview:large","max-video-preview":"max-video-preview:-1"},"canonical":"https:\/\/www.formabinari.com\/area-clientes\/","og_locale":"ca_ES","og_type":"article","og_title":"[:es]\u00c1rea Clientes[:ca]\u00c0rea Clients[:] - FORMABINARI SL","og_description":"WEBMAIL ASSIST\u00c8NCIA REMOTA Sesion Case v14 v13 RDP","og_url":"https:\/\/www.formabinari.com\/area-clientes\/","og_site_name":"FORMABINARI SL","article_modified_time":"2026-01-21T11:50:34+00:00","og_image":[{"url":"https:\/\/www.formabinari.com\/wp-content\/uploads\/2014\/09\/windows.jpg"}],"twitter_card":"summary_large_image","twitter_misc":{"Est. reading time":"2 minutes"},"schema":{"@context":"https:\/\/schema.org","@graph":[{"@type":"WebPage","@id":"https:\/\/www.formabinari.com\/area-clientes\/","url":"https:\/\/www.formabinari.com\/area-clientes\/","name":"[:es]\u00c1rea Clientes[:ca]\u00c0rea Clients[:] - FORMABINARI SL","isPartOf":{"@id":"https:\/\/www.formabinari.com\/#website"},"datePublished":"2014-09-08T09:03:07+00:00","dateModified":"2026-01-21T11:50:34+00:00","breadcrumb":{"@id":"https:\/\/www.formabinari.com\/area-clientes\/#breadcrumb"},"inLanguage":"ca-ES","potentialAction":[{"@type":"ReadAction","target":["https:\/\/www.formabinari.com\/area-clientes\/"]}]},{"@type":"BreadcrumbList","@id":"https:\/\/www.formabinari.com\/area-clientes\/#breadcrumb","itemListElement":[{"@type":"ListItem","position":1,"name":"Portada","item":"https:\/\/www.formabinari.com\/"},{"@type":"ListItem","position":2,"name":"\u00c1rea Clientes"}]},{"@type":"WebSite","@id":"https:\/\/www.formabinari.com\/#website","url":"https:\/\/www.formabinari.com\/","name":"FORMABINARI SL","description":"Internet Solutions","potentialAction":[{"@type":"SearchAction","target":{"@type":"EntryPoint","urlTemplate":"https:\/\/www.formabinari.com\/?s={search_term_string}"},"query-input":"required name=search_term_string"}],"inLanguage":"ca-ES"}]}},"_links":{"self":[{"href":"https:\/\/www.formabinari.com\/ca\/wp-json\/wp\/v2\/pages\/121","targetHints":{"allow":["GET"]}}],"collection":[{"href":"https:\/\/www.formabinari.com\/ca\/wp-json\/wp\/v2\/pages"}],"about":[{"href":"https:\/\/www.formabinari.com\/ca\/wp-json\/wp\/v2\/types\/page"}],"author":[{"embeddable":true,"href":"https:\/\/www.formabinari.com\/ca\/wp-json\/wp\/v2\/users\/1"}],"replies":[{"embeddable":true,"href":"https:\/\/www.formabinari.com\/ca\/wp-json\/wp\/v2\/comments?post=121"}],"version-history":[{"count":105,"href":"https:\/\/www.formabinari.com\/ca\/wp-json\/wp\/v2\/pages\/121\/revisions"}],"predecessor-version":[{"id":1123,"href":"https:\/\/www.formabinari.com\/ca\/wp-json\/wp\/v2\/pages\/121\/revisions\/1123"}],"wp:attachment":[{"href":"https:\/\/www.formabinari.com\/ca\/wp-json\/wp\/v2\/media?parent=121"}],"curies":[{"name":"wp","href":"https:\/\/api.w.org\/{rel}","templated":true}]}}