{"id":21,"date":"2014-09-02T11:24:50","date_gmt":"2014-09-02T11:24:50","guid":{"rendered":"https:\/\/www.formabinari.com\/?page_id=21"},"modified":"2016-05-20T17:23:08","modified_gmt":"2016-05-20T17:23:08","slug":"home","status":"publish","type":"page","link":"https:\/\/www.formabinari.com\/ca\/","title":{"rendered":"Home"},"content":{"rendered":"<p>\n\t\t\t<!-- START home REVOLUTION SLIDER 6.1.5 --><p class=\"rs-p-wp-fix\"><\/p>\n\t\t\t<rs-module-wrap id=\"rev_slider_1_2_wrapper\" data-source=\"gallery\" data-aimg=\"\"  style=\"background:#E9E9E9;padding:0;margin:0px auto;margin-top:0;margin-bottom:0;\">\n\t\t\t\t<rs-module id=\"rev_slider_1_2\" style=\"display:none;\" data-version=\"6.1.5\">\n\t\t\t\t\t<rs-slides>\n\t\t\t\t\t\t<rs-slide data-key=\"rs-21\" data-title=\"Slide\" data-thumb=\"\/\/www.formabinari.com\/wp-content\/uploads\/2016\/04\/Formabinari-slider-100x50.jpg\" data-anim=\"ei:d;eo:d;s:300;r:0;t:random;sl:7;\" data-firstanim=\"t:fade;s:500;sl:7;\">\n\t\t\t\t\t\t\t<img decoding=\"async\" src=\"\/\/www.formabinari.com\/wp-content\/uploads\/2016\/04\/Formabinari-slider.jpg\" title=\"Home\" class=\"rev-slidebg\" data-no-retina>\n<!---->\t\t\t\t\t\t<\/rs-slide>\n\t\t\t\t\t\t<rs-slide data-key=\"rs-20\" data-title=\"Slide\" data-thumb=\"\/\/www.formabinari.com\/wp-content\/uploads\/2016\/04\/Formabinari-portada-100x50.jpg\" data-anim=\"ei:d;eo:d;s:300;r:0;t:random;sl:7;\">\n\t\t\t\t\t\t\t<img decoding=\"async\" src=\"\/\/www.formabinari.com\/wp-content\/uploads\/2016\/04\/Formabinari-portada.jpg\" title=\"Home\" class=\"rev-slidebg\" data-no-retina>\n<!---->\t\t\t\t\t\t<\/rs-slide>\n\t\t\t\t\t<\/rs-slides>\n\t\t\t\t\t<rs-progress style=\"height: 5px; background: #FFFFFF;\"><\/rs-progress>\n\t\t\t\t<\/rs-module>\n\t\t\t\t<script type=\"text\/javascript\">\n\t\t\t\t\tsetREVStartSize({c: 'rev_slider_1_2',rl:[1240,1024,778,480],el:[290],gw:[960],gh:[290],layout:'fullwidth',mh:\"0\"});\n\t\t\t\t\tvar\trevapi1,\n\t\t\t\t\t\ttpj;\n\t\t\t\t\tjQuery(function() {\n\t\t\t\t\t\ttpj = jQuery;\n\t\t\t\t\t\ttpj.noConflict();\n\t\t\t\t\t\tif(tpj(\"#rev_slider_1_2\").revolution == undefined){\n\t\t\t\t\t\t\trevslider_showDoubleJqueryError(\"#rev_slider_1_2\");\n\t\t\t\t\t\t}else{\n\t\t\t\t\t\t\trevapi1 = tpj(\"#rev_slider_1_2\").show().revolution({\n\t\t\t\t\t\t\t\tjsFileLocation:\"\/\/www.formabinari.com\/wp-content\/plugins\/revslider\/public\/assets\/js\/\",\n\t\t\t\t\t\t\t\tvisibilityLevels:\"1240,1024,778,480\",\n\t\t\t\t\t\t\t\tgridwidth:960,\n\t\t\t\t\t\t\t\tgridheight:290,\n\t\t\t\t\t\t\t\tminHeight:\"\",\n\t\t\t\t\t\t\t\thideSliderAtLimit:501,\n\t\t\t\t\t\t\t\tspinner:\"spinner5\",\n\t\t\t\t\t\t\t\teditorheight:\"290,768,960,720\",\n\t\t\t\t\t\t\t\tresponsiveLevels:\"1240,1024,778,480\",\n\t\t\t\t\t\t\t\tnavigation: {\n\t\t\t\t\t\t\t\t\tmouseScrollNavigation:false,\n\t\t\t\t\t\t\t\t\ttouch: {\n\t\t\t\t\t\t\t\t\t\ttouchenabled:true\n\t\t\t\t\t\t\t\t\t},\n\t\t\t\t\t\t\t\t\tarrows: {\n\t\t\t\t\t\t\t\t\t\tenable:true,\n\t\t\t\t\t\t\t\t\t\tstyle:\"hesperiden\",\n\t\t\t\t\t\t\t\t\t\thide_onleave:true,\n\t\t\t\t\t\t\t\t\t\tleft: {\n\n\t\t\t\t\t\t\t\t\t\t},\n\t\t\t\t\t\t\t\t\t\tright: {\n\n\t\t\t\t\t\t\t\t\t\t}\n\t\t\t\t\t\t\t\t\t},\n\t\t\t\t\t\t\t\t\tbullets: {\n\t\t\t\t\t\t\t\t\t\tenable:true,\n\t\t\t\t\t\t\t\t\t\ttmp:\"\",\n\t\t\t\t\t\t\t\t\t\tstyle:\"hesperiden\",\n\t\t\t\t\t\t\t\t\t\thide_onleave:true,\n\t\t\t\t\t\t\t\t\t\tv_offset:10\n\t\t\t\t\t\t\t\t\t}\n\t\t\t\t\t\t\t\t},\n\t\t\t\t\t\t\t\tfallbacks: {\n\t\t\t\t\t\t\t\t\tsimplifyAll:\"\",\n\t\t\t\t\t\t\t\t\tignoreHeightChanges:\"\",\n\t\t\t\t\t\t\t\t\tallowHTML5AutoPlayOnAndroid:true\n\t\t\t\t\t\t\t\t},\n\t\t\t\t\t\t\t});\n\t\t\t\t\t\t}\n\t\t\t\t\t\t\n\t\t\t\t\t});\n\t\t\t\t<\/script>\n\t\t\t\t<script>\n\t\t\t\t\tvar htmlDivCss = unescape(\"%23rev_slider_1_2_wrapper%20.hesperiden.tparrows%20%7B%0A%09cursor%3Apointer%3B%0A%09background%3Argba%280%2C0%2C0%2C0.5%29%3B%0A%09width%3A40px%3B%0A%09height%3A40px%3B%0A%09position%3Aabsolute%3B%0A%09display%3Ablock%3B%0A%09z-index%3A1000%3B%0A%20%20%20%20border-radius%3A%2050%25%3B%0A%7D%0A%23rev_slider_1_2_wrapper%20.hesperiden.tparrows%3Ahover%20%7B%0A%09background%3A%23000000%3B%0A%7D%0A%23rev_slider_1_2_wrapper%20.hesperiden.tparrows%3Abefore%20%7B%0A%09font-family%3A%20%27revicons%27%3B%0A%09font-size%3A20px%3B%0A%09color%3A%23ffffff%3B%0A%09display%3Ablock%3B%0A%09line-height%3A%2040px%3B%0A%09text-align%3A%20center%3B%0A%7D%0A%23rev_slider_1_2_wrapper%20.hesperiden.tparrows.tp-leftarrow%3Abefore%20%7B%0A%09content%3A%20%27%5Ce82c%27%3B%0A%20%20%20%20margin-left%3A-3px%3B%0A%7D%0A%23rev_slider_1_2_wrapper%20.hesperiden.tparrows.tp-rightarrow%3Abefore%20%7B%0A%09content%3A%20%27%5Ce82d%27%3B%0A%20%20%20%20margin-right%3A-3px%3B%0A%7D%0A%23rev_slider_1_2_wrapper%20.hesperiden.tp-bullets%20%7B%0A%7D%0A%23rev_slider_1_2_wrapper%20.hesperiden.tp-bullets%3Abefore%20%7B%0A%09content%3A%27%20%27%3B%0A%09position%3Aabsolute%3B%0A%09width%3A100%25%3B%0A%09height%3A100%25%3B%0A%09background%3Atransparent%3B%0A%09padding%3A10px%3B%0A%09margin-left%3A-10px%3Bmargin-top%3A-10px%3B%0A%09box-sizing%3Acontent-box%3B%0A%20%20%20border-radius%3A8px%3B%0A%20%20%0A%7D%0A%23rev_slider_1_2_wrapper%20.hesperiden%20.tp-bullet%20%7B%0A%09width%3A12px%3B%0A%09height%3A12px%3B%0A%09position%3Aabsolute%3B%0A%09background%3A%20%23999999%3B%20%2F%2A%20old%20browsers%20%2A%2F%0A%20%20%20%20background%3A%20-moz-linear-gradient%28top%2C%20%20%23999999%200%25%2C%20%23e1e1e1%20100%25%29%3B%20%2F%2A%20ff3.6%2B%20%2A%2F%0A%20%20%20%20background%3A%20-webkit-linear-gradient%28top%2C%20%20%23999999%200%25%2C%23e1e1e1%20100%25%29%3B%20%2F%2A%20chrome10%2B%2Csafari5.1%2B%20%2A%2F%0A%20%20%20%20background%3A%20-o-linear-gradient%28top%2C%20%20%23999999%200%25%2C%23e1e1e1%20100%25%29%3B%20%2F%2A%20opera%2011.10%2B%20%2A%2F%0A%20%20%20%20background%3A%20-ms-linear-gradient%28top%2C%20%20%23999999%200%25%2C%23e1e1e1%20100%25%29%3B%20%2F%2A%20ie10%2B%20%2A%2F%0A%20%20%20%20background%3A%20linear-gradient%28to%20bottom%2C%20%20%23999999%200%25%2C%23e1e1e1%20100%25%29%3B%20%2F%2A%20w3c%20%2A%2F%0A%20%20%20%20filter%3A%20progid%3Adximagetransform.microsoft.gradient%28%20%0A%20%20%20%20startcolorstr%3D%27%23999999%27%2C%20endcolorstr%3D%27%23e1e1e1%27%2Cgradienttype%3D0%20%29%3B%20%2F%2A%20ie6-9%20%2A%2F%0A%09border%3A3px%20solid%20%23e5e5e5%3B%0A%09border-radius%3A50%25%3B%0A%09cursor%3A%20pointer%3B%0A%09box-sizing%3Acontent-box%3B%0A%7D%0A%23rev_slider_1_2_wrapper%20.hesperiden%20.tp-bullet%3Ahover%2C%0A%23rev_slider_1_2_wrapper%20.hesperiden%20.tp-bullet.selected%20%7B%0A%09background%3A%23666666%3B%0A%7D%0A%23rev_slider_1_2_wrapper%20.hesperiden%20.tp-bullet-image%20%7B%0A%7D%0A%23rev_slider_1_2_wrapper%20.hesperiden%20.tp-bullet-title%20%7B%0A%7D%0A%0A\");\n\t\t\t\t\tvar htmlDiv = document.getElementById('rs-plugin-settings-inline-css');\n\t\t\t\t\tif(htmlDiv) {\n\t\t\t\t\t\thtmlDiv.innerHTML = htmlDiv.innerHTML + htmlDivCss;\n\t\t\t\t\t}else{\n\t\t\t\t\t\tvar htmlDiv = document.createElement('div');\n\t\t\t\t\t\thtmlDiv.innerHTML = '<style>' + htmlDivCss + '<\/style>';\n\t\t\t\t\t\tdocument.getElementsByTagName('head')[0].appendChild(htmlDiv.childNodes[0]);\n\t\t\t\t\t}\n\t\t\t\t<\/script>\n\t\t\t\t<script>\n\t\t\t\t\tvar htmlDivCss = unescape(\"%0A%0A%0A%0A\");\n\t\t\t\t\tvar htmlDiv = document.getElementById('rs-plugin-settings-inline-css');\n\t\t\t\t\tif(htmlDiv) {\n\t\t\t\t\t\thtmlDiv.innerHTML = htmlDiv.innerHTML + htmlDivCss;\n\t\t\t\t\t}else{\n\t\t\t\t\t\tvar htmlDiv = document.createElement('div');\n\t\t\t\t\t\thtmlDiv.innerHTML = '<style>' + htmlDivCss + '<\/style>';\n\t\t\t\t\t\tdocument.getElementsByTagName('head')[0].appendChild(htmlDiv.childNodes[0]);\n\t\t\t\t\t}\n\t\t\t\t<\/script>\n\t\t\t<\/rs-module-wrap>\n\t\t\t<!-- END REVOLUTION SLIDER -->\n<div class=\"bordeSlider\"><\/div>\n<div class=\"one_third\">\n<h3>QU\u00c8 FEM<\/h3>\n<p><span class=\"tituloColor\"><a href=\"https:\/\/www.formabinari.com\/ca\/desenvolupament-app\/\">APP\u2019S<\/a> I <a href=\"https:\/\/www.formabinari.com\/ca\/desenvolupament-web\/\">WEB<\/a>:<\/span> APP\u2019s i webs a mida, tant corporatives como administratives, tendes virtuals, tot un mon creatiu amb les \u00faltimes tecnologies aplicades als seus projectes.<\/p>\n<p><span class=\"tituloColor\"><a href=\"https:\/\/www.formabinari.com\/ca\/erp-formabinari\/\">PROGRAMACI\u00d3 DE SOFTWARE A MIDA:<\/a><\/span> aplicacions de gesti\u00f3 i serveis d&#8217;\u00faltima tecnologia creats en el nostre laboratori que ens permeten oferir una rapida implementaci\u00f3 i personalitzaci\u00f3, per exemple: copia de seguretat on-line, carpetes web, gestor documental on-line.<\/p>\n<p><span class=\"tituloColor\"><a href=\"https:\/\/www.formabinari.com\/ca\/manteniment-informatic\/\">ASSESSORIA INFORM\u00c0TICA:<\/a><\/span> expliqueu el seu projecte o la seva problem\u00e0tica i estudiarem la millor soluci\u00f3. Formarem al seu equip t\u00e8cnic per implementar-la. Instal\u00b7laci\u00f3 de hardware i software en equips clients i servidors.<\/p>\n<p><span class=\"tituloColor\"><a href=\"https:\/\/www.formabinari.com\/ca\/cloud\/\">HOSTING:<\/a><\/span> tenim servidors propis en un centre de dades de m\u00e0xima seguretat i fiabilitat per allotjar la seva web site i el correu electr\u00f2nic.\n<\/div>\n<div class=\"one_third\">\n<h3>QUI SOM<\/h3>\n<p><strong>FORMABINARI<\/strong> \u00e9s una empresa de <strong>serveis inform\u00e0tics<\/strong> que va iniciar-se l&#8217;any 2003 amb seu a la ciutat de <strong>Barcelona<\/strong> i dirigida a qualsevol negoci que busqui integrar en un sol prove\u00efdor el conjunt de les seves necessitats inform\u00e0tiques . La qualitat i flexibilitat s\u00f3n els valors que millor ens defineixen, a m\u00e9s algunes de les nostres prioritats s\u00f3n trobar la proximitat amb el nostre client i investigar per utilitzar les eines m\u00e9s avan\u00e7ades.<\/p>\n<p>El nostre equip format per <strong>enginyers inform\u00e0tics, t\u00e8cnics inform\u00e0tics i dissenyadors gr\u00e0fics<\/strong>, est\u00e0 sempre utilitzant les tecnologies de vanguarda, escollint aquelles que creiem que poden donar un valor afegit al seu negoci.<\/p>\n<\/div>\n<div class=\"one_third last\">\n<div id='1' class='widgets_on_page wop_tiny1  wop_small1  wop_medium1  wop_large1  wop_wide1'>\n\t\t\t<ul><!-- ERROR NO TURBO SIDEBAR FOUND WITH ID wop-1--><\/ul><\/div><!-- widgets_on_page -->\n<\/div>\n<div class=\"clear\"><\/div>\n<p><\/p>","protected":false},"excerpt":{"rendered":"<p>QU\u00c8 FEM APP\u2019S I WEB: APP\u2019s i webs a mida, tant corporatives como administratives, tendes virtuals, tot un mon creatiu amb les \u00faltimes tecnologies aplicades als seus projectes. PROGRAMACI\u00d3 DE\u2026 <a href=\"https:\/\/www.formabinari.com\/ca\/\" class=\"read-more-link\">read more &rarr;<\/a><\/p>\n","protected":false},"author":1,"featured_media":0,"parent":0,"menu_order":0,"comment_status":"closed","ping_status":"open","template":"page-fullwidth.php","meta":{"_acf_changed":false,"footnotes":""},"class_list":["post-21","page","type-page","status-publish","hentry"],"acf":[],"yoast_head":"<!-- This site is optimized with the Yoast SEO plugin v21.6 - https:\/\/yoast.com\/wordpress\/plugins\/seo\/ -->\n<title>Home - FORMABINARI SL<\/title>\n<meta name=\"robots\" content=\"index, follow, max-snippet:-1, max-image-preview:large, max-video-preview:-1\" \/>\n<link rel=\"canonical\" href=\"https:\/\/www.formabinari.com\/\" \/>\n<meta property=\"og:locale\" content=\"ca_ES\" \/>\n<meta property=\"og:type\" content=\"article\" \/>\n<meta property=\"og:title\" content=\"Home - FORMABINARI SL\" \/>\n<meta property=\"og:description\" content=\"QU\u00c8 FEM APP\u2019S I WEB: APP\u2019s i webs a mida, tant corporatives como administratives, tendes virtuals, tot un mon creatiu amb les \u00faltimes tecnologies aplicades als seus projectes. PROGRAMACI\u00d3 DE\u2026 read more &rarr;\" \/>\n<meta property=\"og:url\" content=\"https:\/\/www.formabinari.com\/\" \/>\n<meta property=\"og:site_name\" content=\"FORMABINARI SL\" \/>\n<meta property=\"article:modified_time\" content=\"2016-05-20T17:23:08+00:00\" \/>\n<meta name=\"twitter:card\" content=\"summary_large_image\" \/>\n<meta name=\"twitter:label1\" content=\"Est. reading time\" \/>\n\t<meta name=\"twitter:data1\" content=\"3 minutes\" \/>\n<script type=\"application\/ld+json\" class=\"yoast-schema-graph\">{\"@context\":\"https:\/\/schema.org\",\"@graph\":[{\"@type\":\"WebPage\",\"@id\":\"https:\/\/www.formabinari.com\/\",\"url\":\"https:\/\/www.formabinari.com\/\",\"name\":\"Home - FORMABINARI SL\",\"isPartOf\":{\"@id\":\"https:\/\/www.formabinari.com\/#website\"},\"datePublished\":\"2014-09-02T11:24:50+00:00\",\"dateModified\":\"2016-05-20T17:23:08+00:00\",\"breadcrumb\":{\"@id\":\"https:\/\/www.formabinari.com\/#breadcrumb\"},\"inLanguage\":\"ca-ES\",\"potentialAction\":[{\"@type\":\"ReadAction\",\"target\":[\"https:\/\/www.formabinari.com\/\"]}]},{\"@type\":\"BreadcrumbList\",\"@id\":\"https:\/\/www.formabinari.com\/#breadcrumb\",\"itemListElement\":[{\"@type\":\"ListItem\",\"position\":1,\"name\":\"Portada\",\"item\":\"https:\/\/www.formabinari.com\/\"},{\"@type\":\"ListItem\",\"position\":2,\"name\":\"Home\"}]},{\"@type\":\"WebSite\",\"@id\":\"https:\/\/www.formabinari.com\/#website\",\"url\":\"https:\/\/www.formabinari.com\/\",\"name\":\"FORMABINARI SL\",\"description\":\"Internet Solutions\",\"potentialAction\":[{\"@type\":\"SearchAction\",\"target\":{\"@type\":\"EntryPoint\",\"urlTemplate\":\"https:\/\/www.formabinari.com\/?s={search_term_string}\"},\"query-input\":\"required name=search_term_string\"}],\"inLanguage\":\"ca-ES\"}]}<\/script>\n<!-- \/ Yoast SEO plugin. -->","yoast_head_json":{"title":"Home - FORMABINARI SL","robots":{"index":"index","follow":"follow","max-snippet":"max-snippet:-1","max-image-preview":"max-image-preview:large","max-video-preview":"max-video-preview:-1"},"canonical":"https:\/\/www.formabinari.com\/","og_locale":"ca_ES","og_type":"article","og_title":"Home - FORMABINARI SL","og_description":"QU\u00c8 FEM APP\u2019S I WEB: APP\u2019s i webs a mida, tant corporatives como administratives, tendes virtuals, tot un mon creatiu amb les \u00faltimes tecnologies aplicades als seus projectes. PROGRAMACI\u00d3 DE\u2026 read more &rarr;","og_url":"https:\/\/www.formabinari.com\/","og_site_name":"FORMABINARI SL","article_modified_time":"2016-05-20T17:23:08+00:00","twitter_card":"summary_large_image","twitter_misc":{"Est. reading time":"3 minutes"},"schema":{"@context":"https:\/\/schema.org","@graph":[{"@type":"WebPage","@id":"https:\/\/www.formabinari.com\/","url":"https:\/\/www.formabinari.com\/","name":"Home - FORMABINARI SL","isPartOf":{"@id":"https:\/\/www.formabinari.com\/#website"},"datePublished":"2014-09-02T11:24:50+00:00","dateModified":"2016-05-20T17:23:08+00:00","breadcrumb":{"@id":"https:\/\/www.formabinari.com\/#breadcrumb"},"inLanguage":"ca-ES","potentialAction":[{"@type":"ReadAction","target":["https:\/\/www.formabinari.com\/"]}]},{"@type":"BreadcrumbList","@id":"https:\/\/www.formabinari.com\/#breadcrumb","itemListElement":[{"@type":"ListItem","position":1,"name":"Portada","item":"https:\/\/www.formabinari.com\/"},{"@type":"ListItem","position":2,"name":"Home"}]},{"@type":"WebSite","@id":"https:\/\/www.formabinari.com\/#website","url":"https:\/\/www.formabinari.com\/","name":"FORMABINARI SL","description":"Internet Solutions","potentialAction":[{"@type":"SearchAction","target":{"@type":"EntryPoint","urlTemplate":"https:\/\/www.formabinari.com\/?s={search_term_string}"},"query-input":"required name=search_term_string"}],"inLanguage":"ca-ES"}]}},"_links":{"self":[{"href":"https:\/\/www.formabinari.com\/ca\/wp-json\/wp\/v2\/pages\/21","targetHints":{"allow":["GET"]}}],"collection":[{"href":"https:\/\/www.formabinari.com\/ca\/wp-json\/wp\/v2\/pages"}],"about":[{"href":"https:\/\/www.formabinari.com\/ca\/wp-json\/wp\/v2\/types\/page"}],"author":[{"embeddable":true,"href":"https:\/\/www.formabinari.com\/ca\/wp-json\/wp\/v2\/users\/1"}],"replies":[{"embeddable":true,"href":"https:\/\/www.formabinari.com\/ca\/wp-json\/wp\/v2\/comments?post=21"}],"version-history":[{"count":59,"href":"https:\/\/www.formabinari.com\/ca\/wp-json\/wp\/v2\/pages\/21\/revisions"}],"predecessor-version":[{"id":569,"href":"https:\/\/www.formabinari.com\/ca\/wp-json\/wp\/v2\/pages\/21\/revisions\/569"}],"wp:attachment":[{"href":"https:\/\/www.formabinari.com\/ca\/wp-json\/wp\/v2\/media?parent=21"}],"curies":[{"name":"wp","href":"https:\/\/api.w.org\/{rel}","templated":true}]}}