{"id":29,"date":"2014-09-02T11:39:27","date_gmt":"2014-09-02T11:39:27","guid":{"rendered":"https:\/\/www.formabinari.com\/?page_id=29"},"modified":"2016-03-01T14:59:32","modified_gmt":"2016-03-01T14:59:32","slug":"web","status":"publish","type":"page","link":"https:\/\/www.formabinari.com\/ca\/desenvolupament-web\/","title":{"rendered":"Desenvolupament Web"},"content":{"rendered":"<p>\n\t\t\t<!-- START web REVOLUTION SLIDER 6.1.5 --><p class=\"rs-p-wp-fix\"><\/p>\n\t\t\t<rs-module-wrap id=\"rev_slider_3_2_wrapper\" data-source=\"gallery\" data-aimg=\"\"  style=\"background:#E9E9E9;padding:0;margin:0px auto;margin-top:0;margin-bottom:0;\">\n\t\t\t\t<rs-module id=\"rev_slider_3_2\" style=\"display:none;\" data-version=\"6.1.5\">\n\t\t\t\t\t<rs-slides>\n\t\t\t\t\t\t<rs-slide data-key=\"rs-5\" data-title=\"Slide\" data-anim=\"ei:d;eo:d;s:300;r:0;t:random;sl:7;\" data-firstanim=\"t:fade;s:500;sl:7;\">\n\t\t\t\t\t\t\t<img decoding=\"async\" src=\"\/\/www.formabinari.com\/wp-content\/uploads\/2014\/09\/BannerWeb.jpg\" title=\"Condom Campus\" class=\"rev-slidebg\" data-no-retina>\n<!---->\t\t\t\t\t\t<\/rs-slide>\n\t\t\t\t\t<\/rs-slides>\n\t\t\t\t\t<rs-progress style=\"height: 5px; background: #FFFFFF;\"><\/rs-progress>\n\t\t\t\t<\/rs-module>\n\t\t\t\t<script type=\"text\/javascript\">\n\t\t\t\t\tsetREVStartSize({c: 'rev_slider_3_2',rl:[1240,1024,778,480],el:[],gw:[960],gh:[290],layout:'fullwidth',mh:\"0\"});\n\t\t\t\t\tvar\trevapi3,\n\t\t\t\t\t\ttpj;\n\t\t\t\t\tjQuery(function() {\n\t\t\t\t\t\ttpj = jQuery;\n\t\t\t\t\t\ttpj.noConflict();\n\t\t\t\t\t\tif(tpj(\"#rev_slider_3_2\").revolution == undefined){\n\t\t\t\t\t\t\trevslider_showDoubleJqueryError(\"#rev_slider_3_2\");\n\t\t\t\t\t\t}else{\n\t\t\t\t\t\t\trevapi3 = tpj(\"#rev_slider_3_2\").show().revolution({\n\t\t\t\t\t\t\t\tjsFileLocation:\"\/\/www.formabinari.com\/wp-content\/plugins\/revslider\/public\/assets\/js\/\",\n\t\t\t\t\t\t\t\tvisibilityLevels:\"1240,1024,778,480\",\n\t\t\t\t\t\t\t\tgridwidth:960,\n\t\t\t\t\t\t\t\tgridheight:290,\n\t\t\t\t\t\t\t\tminHeight:\"\",\n\t\t\t\t\t\t\t\thideSliderAtLimit:501,\n\t\t\t\t\t\t\t\tspinner:\"spinner5\",\n\t\t\t\t\t\t\t\tresponsiveLevels:\"1240,1024,778,480\",\n\t\t\t\t\t\t\t\tnavigation: {\n\t\t\t\t\t\t\t\t\tmouseScrollNavigation:false,\n\t\t\t\t\t\t\t\t\ttouch: {\n\t\t\t\t\t\t\t\t\t\ttouchenabled:true\n\t\t\t\t\t\t\t\t\t}\n\t\t\t\t\t\t\t\t},\n\t\t\t\t\t\t\t\tfallbacks: {\n\t\t\t\t\t\t\t\t\tsimplifyAll:\"\",\n\t\t\t\t\t\t\t\t\tignoreHeightChanges:\"\",\n\t\t\t\t\t\t\t\t\tallowHTML5AutoPlayOnAndroid:true\n\t\t\t\t\t\t\t\t},\n\t\t\t\t\t\t\t});\n\t\t\t\t\t\t}\n\t\t\t\t\t\t\n\t\t\t\t\t});\n\t\t\t\t<\/script>\n\t\t\t<\/rs-module-wrap>\n\t\t\t<!-- END REVOLUTION SLIDER -->\n<div class=\"bordeSlider\"><\/div>\n<div class=\"destacado\">\n<div class=\"one_half\">\n<h4>DESENVOLUPAMENT WEB<\/h4>\n<p>Oferim solucions integrals per a tot tipus de projecte web.<\/p>\n<p>&#8211; <strong>P\u00e0gines web corporatives<\/strong>: tenir un lloc web corporatiu s&#8217;ha convertit en una necessitat gaireb\u00e9 imprescindible per a qualsevol empresa. \u00c9s un sistema molt econ\u00f2mic, r\u00e0pid i amb total disponibilitat per explicar el nostre negoci, serveis i productes, en un entorn multim\u00e8dia i interactiu.<\/p>\n<p>&#8211; <strong>Projectes\u00a0d&#8217;e-commerce<\/strong>: les tendes online i el comer\u00e7 electr\u00f2nic est\u00e0 creixent cada any. Els usuaris estan canviant els seus h\u00e0bits de compra i cada vegada m\u00e9s empreses ja venen els seus productes i serveis per Internet.<\/p>\n<p>Redueix costos i augmenta el teu abast de p\u00fablic amb una tenda online o e-commerce.<\/p>\n<p>&#8211; <strong>Webs per a m\u00f2bils<\/strong>: oferir una p\u00e0gina web adaptable millora l&#8217;experi\u00e8ncia de navegaci\u00f3 dels usuaris i la visibilitat en els motors de cerca. Amb una web <em>responsive <\/em>augmentar\u00e0s les vendes i el r\u00e0tio de conversi\u00f3 ja que l&#8217;usuari se sentir\u00e0 c\u00f2mode navegant en el seu dispositiu.<\/p>\n<p>Tots els nostres projectes web inclouen un <strong>gestor de continguts multim\u00e8dia<\/strong> que permeten al propietari actualitzar tota la informaci\u00f3 de textos, imatges o v\u00eddeos; el que permet donar-li llibertat, precisi\u00f3 i rapidesa en l&#8217;actualitzaci\u00f3, disminuint el cost de manteniment.<\/p>\n<\/div>\n<div class=\"one_half last\">\n<p><strong>Intranet i extranets<\/strong><\/p>\n<p>&#8211; <strong>Intranet<\/strong>: \u00e9s una eina interna molt \u00fatil que ens garanteix una assist\u00e8ncia multiservei per als nostres treballadors o associats de negocio. Una xarxa d&#8217;Internet permet compartir de forma segura recursos entre els membres de la plataforma, emmagatzemar informaci\u00f3 i mantenier-la disponible a la web per a segons quins usuaris.<\/p>\n<p>Amb aquest sistema de xarxa optimitzar\u00e0s la comunicaci\u00f3 entre els usuaris de la xarxa, construint una cultura de col\u00b7laboraci\u00f3 i fent que els processos d&#8217;aprenentatge siguin m\u00e9s f\u00e0cils. A m\u00e9s, pdor\u00e0s obtenir un ROI molt favorable, que et permetr\u00e0 prendre noves decisions estrat\u00e8giques, prioritzar altres inversions i gestionar l&#8217;economia per obtenir bons resultats.<\/p>\n<p>&#8211; <strong>Extranet<\/strong>: \u00e9s una xarxa que ens possibilita els mateixos serveis que una Intranet, per\u00f2, tal com ens diferencia el nom, no va dirigida a usuaris interns (treballadors, clients), sin\u00f3 que va dirigida a la part externa de la nostra organitzaci\u00f3 (prove\u00efdors, col\u00b7laboradors i clients).<\/p>\n<p>Aix\u00ed mateix, l&#8217;extranet \u00e9s un sistema privat molt \u00fatil per automatitzar l&#8217;intercanvi entre empreses i usuaris que et ser\u00e0 \u00fatil per millorar la comunicaci\u00f3 i l&#8217;efici\u00e8ncia, a m\u00e9s de reduir costos.<\/p>\n<p>A continuaci\u00f3 mostrem uns exemples de llocs web reals creats per FORMABINARI:<\/p>\n<\/div>\n<div class=\"clear\"><\/div>\n<\/div>\n<div class=\"latest-webs negative-wrap\"><div class=\"webs-item one-third columns\"><div class=\"webs-it\">\n\t\t\t\t  \t\t<a href=\"http:\/\/www.elrelampago.es\" target=\"_blank\" title=\"www.elrelampago.es\"><span class=\"portfolio-pic\"><img decoding=\"async\" src=\"https:\/\/www.formabinari.com\/wp-content\/uploads\/2014\/09\/elrelampago.png\" \/><\/span><\/a>\n\t\t\t\t  \t\t\n\t\t\t\t  \t<\/div><\/div><div class=\"webs-item one-third columns\"><div class=\"webs-it\">\n\t\t\t\t  \t\t<a href=\"http:\/\/www.networkia.es\" target=\"_blank\" title=\"www.networkia.es\"><span class=\"portfolio-pic\"><img decoding=\"async\" src=\"https:\/\/www.formabinari.com\/wp-content\/uploads\/2014\/09\/networkia.png\" \/><\/span><\/a>\n\t\t\t\t  \t\t\n\t\t\t\t  \t<\/div><\/div><div class=\"webs-item one-third columns\"><div class=\"webs-it\">\n\t\t\t\t  \t\t<a href=\"http:\/\/www.bullfightticketsmadrid.com\" target=\"_blank\" title=\"www.bullfightticketsmadrid.com\"><span class=\"portfolio-pic\"><img decoding=\"async\" src=\"https:\/\/www.formabinari.com\/wp-content\/uploads\/2014\/09\/localidadesGalicia1.png\" \/><\/span><\/a>\n\t\t\t\t  \t\t\n\t\t\t\t  \t<\/div><\/div><div class=\"webs-item one-third columns\"><div class=\"webs-it\">\n\t\t\t\t  \t\t<a href=\"http:\/\/www.condomcampus.com\" target=\"_blank\" title=\"www.condomcampus.com\"><span class=\"portfolio-pic\"><img decoding=\"async\" src=\"https:\/\/www.formabinari.com\/wp-content\/uploads\/2014\/09\/condomcampus.png\" \/><\/span><\/a>\n\t\t\t\t  \t\t\n\t\t\t\t  \t<\/div><\/div><\/div><div class=\"clear\"><\/div>\n<div class=\"clear\"><\/div>\n<div class=\"gap\" style=\"height: 20px;\"><\/div>\n<p><\/p>","protected":false},"excerpt":{"rendered":"<p>DESENVOLUPAMENT WEB Oferim solucions integrals per a tot tipus de projecte web. &#8211; P\u00e0gines web corporatives: tenir un lloc web corporatiu s&#8217;ha convertit en una necessitat gaireb\u00e9 imprescindible per a\u2026 <a href=\"https:\/\/www.formabinari.com\/ca\/?web=condom-campus\" class=\"read-more-link\">read more &rarr;<\/a><\/p>\n","protected":false},"author":1,"featured_media":0,"parent":0,"menu_order":0,"comment_status":"closed","ping_status":"open","template":"page-fullwidth.php","meta":{"_acf_changed":false,"footnotes":""},"class_list":["post-29","page","type-page","status-publish","hentry"],"acf":[],"yoast_head":"<!-- This site is optimized with the Yoast SEO plugin v21.6 - https:\/\/yoast.com\/wordpress\/plugins\/seo\/ -->\n<title>Desenvolupament Web - FORMABINARI SL<\/title>\n<meta name=\"robots\" content=\"index, follow, max-snippet:-1, max-image-preview:large, max-video-preview:-1\" \/>\n<link rel=\"canonical\" href=\"https:\/\/www.formabinari.com\/desarrollo-web\/\" \/>\n<meta property=\"og:locale\" content=\"ca_ES\" \/>\n<meta property=\"og:type\" content=\"article\" \/>\n<meta property=\"og:title\" content=\"[:es]Desarrollo Web[:ca]Desenvolupament Web[:] - FORMABINARI SL\" \/>\n<meta property=\"og:description\" content=\"DESENVOLUPAMENT WEB Oferim solucions integrals per a tot tipus de projecte web. &#8211; P\u00e0gines web corporatives: tenir un lloc web corporatiu s&#8217;ha convertit en una necessitat gaireb\u00e9 imprescindible per a\u2026 read more &rarr;\" \/>\n<meta property=\"og:url\" content=\"https:\/\/www.formabinari.com\/desarrollo-web\/\" \/>\n<meta property=\"og:site_name\" content=\"FORMABINARI SL\" \/>\n<meta property=\"article:modified_time\" content=\"2016-03-01T14:59:32+00:00\" \/>\n<meta name=\"twitter:card\" content=\"summary_large_image\" \/>\n<meta name=\"twitter:label1\" content=\"Est. reading time\" \/>\n\t<meta name=\"twitter:data1\" content=\"4 minutes\" \/>\n<script type=\"application\/ld+json\" class=\"yoast-schema-graph\">{\"@context\":\"https:\/\/schema.org\",\"@graph\":[{\"@type\":\"WebPage\",\"@id\":\"https:\/\/www.formabinari.com\/desarrollo-web\/\",\"url\":\"https:\/\/www.formabinari.com\/desarrollo-web\/\",\"name\":\"[:es]Desarrollo Web[:ca]Desenvolupament Web[:] - FORMABINARI SL\",\"isPartOf\":{\"@id\":\"https:\/\/www.formabinari.com\/#website\"},\"datePublished\":\"2014-09-02T11:39:27+00:00\",\"dateModified\":\"2016-03-01T14:59:32+00:00\",\"breadcrumb\":{\"@id\":\"https:\/\/www.formabinari.com\/desarrollo-web\/#breadcrumb\"},\"inLanguage\":\"ca-ES\",\"potentialAction\":[{\"@type\":\"ReadAction\",\"target\":[\"https:\/\/www.formabinari.com\/desarrollo-web\/\"]}]},{\"@type\":\"BreadcrumbList\",\"@id\":\"https:\/\/www.formabinari.com\/desarrollo-web\/#breadcrumb\",\"itemListElement\":[{\"@type\":\"ListItem\",\"position\":1,\"name\":\"Portada\",\"item\":\"https:\/\/www.formabinari.com\/\"},{\"@type\":\"ListItem\",\"position\":2,\"name\":\"Desarrollo Web\"}]},{\"@type\":\"WebSite\",\"@id\":\"https:\/\/www.formabinari.com\/#website\",\"url\":\"https:\/\/www.formabinari.com\/\",\"name\":\"FORMABINARI SL\",\"description\":\"Internet Solutions\",\"potentialAction\":[{\"@type\":\"SearchAction\",\"target\":{\"@type\":\"EntryPoint\",\"urlTemplate\":\"https:\/\/www.formabinari.com\/?s={search_term_string}\"},\"query-input\":\"required name=search_term_string\"}],\"inLanguage\":\"ca-ES\"}]}<\/script>\n<!-- \/ Yoast SEO plugin. -->","yoast_head_json":{"title":"[:es]Desarrollo Web[:ca]Desenvolupament Web[:] - FORMABINARI SL","robots":{"index":"index","follow":"follow","max-snippet":"max-snippet:-1","max-image-preview":"max-image-preview:large","max-video-preview":"max-video-preview:-1"},"canonical":"https:\/\/www.formabinari.com\/desarrollo-web\/","og_locale":"ca_ES","og_type":"article","og_title":"[:es]Desarrollo Web[:ca]Desenvolupament Web[:] - FORMABINARI SL","og_description":"DESENVOLUPAMENT WEB Oferim solucions integrals per a tot tipus de projecte web. &#8211; P\u00e0gines web corporatives: tenir un lloc web corporatiu s&#8217;ha convertit en una necessitat gaireb\u00e9 imprescindible per a\u2026 read more &rarr;","og_url":"https:\/\/www.formabinari.com\/desarrollo-web\/","og_site_name":"FORMABINARI SL","article_modified_time":"2016-03-01T14:59:32+00:00","twitter_card":"summary_large_image","twitter_misc":{"Est. reading time":"4 minutes"},"schema":{"@context":"https:\/\/schema.org","@graph":[{"@type":"WebPage","@id":"https:\/\/www.formabinari.com\/desarrollo-web\/","url":"https:\/\/www.formabinari.com\/desarrollo-web\/","name":"[:es]Desarrollo Web[:ca]Desenvolupament Web[:] - FORMABINARI SL","isPartOf":{"@id":"https:\/\/www.formabinari.com\/#website"},"datePublished":"2014-09-02T11:39:27+00:00","dateModified":"2016-03-01T14:59:32+00:00","breadcrumb":{"@id":"https:\/\/www.formabinari.com\/desarrollo-web\/#breadcrumb"},"inLanguage":"ca-ES","potentialAction":[{"@type":"ReadAction","target":["https:\/\/www.formabinari.com\/desarrollo-web\/"]}]},{"@type":"BreadcrumbList","@id":"https:\/\/www.formabinari.com\/desarrollo-web\/#breadcrumb","itemListElement":[{"@type":"ListItem","position":1,"name":"Portada","item":"https:\/\/www.formabinari.com\/"},{"@type":"ListItem","position":2,"name":"Desarrollo Web"}]},{"@type":"WebSite","@id":"https:\/\/www.formabinari.com\/#website","url":"https:\/\/www.formabinari.com\/","name":"FORMABINARI SL","description":"Internet Solutions","potentialAction":[{"@type":"SearchAction","target":{"@type":"EntryPoint","urlTemplate":"https:\/\/www.formabinari.com\/?s={search_term_string}"},"query-input":"required name=search_term_string"}],"inLanguage":"ca-ES"}]}},"_links":{"self":[{"href":"https:\/\/www.formabinari.com\/ca\/wp-json\/wp\/v2\/pages\/29","targetHints":{"allow":["GET"]}}],"collection":[{"href":"https:\/\/www.formabinari.com\/ca\/wp-json\/wp\/v2\/pages"}],"about":[{"href":"https:\/\/www.formabinari.com\/ca\/wp-json\/wp\/v2\/types\/page"}],"author":[{"embeddable":true,"href":"https:\/\/www.formabinari.com\/ca\/wp-json\/wp\/v2\/users\/1"}],"replies":[{"embeddable":true,"href":"https:\/\/www.formabinari.com\/ca\/wp-json\/wp\/v2\/comments?post=29"}],"version-history":[{"count":32,"href":"https:\/\/www.formabinari.com\/ca\/wp-json\/wp\/v2\/pages\/29\/revisions"}],"predecessor-version":[{"id":541,"href":"https:\/\/www.formabinari.com\/ca\/wp-json\/wp\/v2\/pages\/29\/revisions\/541"}],"wp:attachment":[{"href":"https:\/\/www.formabinari.com\/ca\/wp-json\/wp\/v2\/media?parent=29"}],"curies":[{"name":"wp","href":"https:\/\/api.w.org\/{rel}","templated":true}]}}