{"id":417,"date":"2015-12-16T12:00:29","date_gmt":"2015-12-16T12:00:29","guid":{"rendered":"https:\/\/www.formabinari.com\/?page_id=417"},"modified":"2023-01-26T12:02:28","modified_gmt":"2023-01-26T11:02:28","slug":"417-2","status":"publish","type":"page","link":"https:\/\/www.formabinari.com\/ca\/desenvolupament-app\/","title":{"rendered":"Desenvolupament app"},"content":{"rendered":"<p>\n\t\t\t<!-- START app REVOLUTION SLIDER 6.1.5 --><p class=\"rs-p-wp-fix\"><\/p>\n\t\t\t<rs-module-wrap id=\"rev_slider_2_2_wrapper\" data-source=\"gallery\" data-aimg=\"\"  style=\"background:#E9E9E9;padding:0;margin:0px auto;margin-top:0;margin-bottom:0;\">\n\t\t\t\t<rs-module id=\"rev_slider_2_2\" style=\"display:none;\" data-version=\"6.1.5\">\n\t\t\t\t\t<rs-slides>\n\t\t\t\t\t\t<rs-slide data-key=\"rs-4\" data-title=\"Slide\" data-link=\"\/\/www.formabinari.com\/crm-a-medida-2\/\" data-target=\"_self\" data-seoz=\"front\" data-anim=\"ei:d;eo:d;s:300;r:0;t:random;sl:7;\" data-firstanim=\"t:fade;s:500;sl:7;\">\n\t\t\t\t\t\t\t<img decoding=\"async\" src=\"\/\/www.formabinari.com\/wp-content\/uploads\/2014\/09\/BannerApp1.jpg\" title=\"WordUp\" class=\"rev-slidebg\" data-no-retina>\n<!--\n\t\t\t\t\t\t\t--><rs-layer\n\t\t\t\t\t\t\t\tid=\"slider-2-slide-4-layer-1\" \n\t\t\t\t\t\t\t\tclass=\"medium_black\"\n\t\t\t\t\t\t\t\tdata-type=\"text\"\n\t\t\t\t\t\t\t\tdata-color=\"#ffffff\"\n\t\t\t\t\t\t\t\tdata-xy=\"x:408px;y:7px;\"\n\t\t\t\t\t\t\t\tdata-frame_1=\"e:easeOutExpo;st:500;\"\n\t\t\t\t\t\t\t\tdata-frame_999=\"st:8400;auto:true;\"\n\t\t\t\t\t\t\t\tstyle=\"z-index:5;font-family:Roboto;\"\n\t\t\t\t\t\t\t>Desarrollamos su \n\t\t\t\t\t\t\t<\/rs-layer><!--\n\n\t\t\t\t\t\t\t--><rs-layer\n\t\t\t\t\t\t\t\tid=\"slider-2-slide-4-layer-2\" \n\t\t\t\t\t\t\t\tclass=\"big_white\"\n\t\t\t\t\t\t\t\tdata-type=\"text\"\n\t\t\t\t\t\t\t\tdata-color=\"#ffffff\"\n\t\t\t\t\t\t\t\tdata-xy=\"x:229px;y:48px;\"\n\t\t\t\t\t\t\t\tdata-frame_1=\"e:easeOutExpo;st:800;\"\n\t\t\t\t\t\t\t\tdata-frame_999=\"st:8400;auto:true;\"\n\t\t\t\t\t\t\t\tstyle=\"z-index:6;font-family:Roboto;\"\n\t\t\t\t\t\t\t>CRM a MEDIDA conectado a su ERP \n\t\t\t\t\t\t\t<\/rs-layer><!--\n\n\t\t\t\t\t\t\t--><rs-layer\n\t\t\t\t\t\t\t\tid=\"slider-2-slide-4-layer-3\" \n\t\t\t\t\t\t\t\tclass=\"small_green\"\n\t\t\t\t\t\t\t\tdata-type=\"text\"\n\t\t\t\t\t\t\t\tdata-color=\"#ffffff\"\n\t\t\t\t\t\t\t\tdata-xy=\"x:351px;y:173px;\"\n\t\t\t\t\t\t\t\tdata-frame_1=\"e:easeOutExpo;st:1100;\"\n\t\t\t\t\t\t\t\tdata-frame_999=\"st:8400;auto:true;\"\n\t\t\t\t\t\t\t\tstyle=\"z-index:7;font-family:Roboto;\"\n\t\t\t\t\t\t\t><div id=\"appSlider\">Somos expertos en crear APP CRM a medida sin perder todas las posibilidades y potencia que ofrece su ERP.<br\/>\n<strong>Porque el dise\u00f1o es tan importante como que las cosas funcionen.<\/strong><\/div> \n\t\t\t\t\t\t\t<\/rs-layer><!--\n-->\t\t\t\t\t\t<\/rs-slide>\n\t\t\t\t\t<\/rs-slides>\n\t\t\t\t\t<rs-progress style=\"height: 5px; background: #FFFFFF;\"><\/rs-progress>\n\t\t\t\t<\/rs-module>\n\t\t\t\t<script type=\"text\/javascript\">\n\t\t\t\t\tsetREVStartSize({c: 'rev_slider_2_2',rl:[1240,1024,778,480],el:[],gw:[960],gh:[290],layout:'fullwidth',mh:\"0\"});\n\t\t\t\t\tvar\trevapi2,\n\t\t\t\t\t\ttpj;\n\t\t\t\t\tjQuery(function() {\n\t\t\t\t\t\ttpj = jQuery;\n\t\t\t\t\t\ttpj.noConflict();\n\t\t\t\t\t\tif(tpj(\"#rev_slider_2_2\").revolution == undefined){\n\t\t\t\t\t\t\trevslider_showDoubleJqueryError(\"#rev_slider_2_2\");\n\t\t\t\t\t\t}else{\n\t\t\t\t\t\t\trevapi2 = tpj(\"#rev_slider_2_2\").show().revolution({\n\t\t\t\t\t\t\t\tjsFileLocation:\"\/\/www.formabinari.com\/wp-content\/plugins\/revslider\/public\/assets\/js\/\",\n\t\t\t\t\t\t\t\tvisibilityLevels:\"1240,1024,778,480\",\n\t\t\t\t\t\t\t\tgridwidth:960,\n\t\t\t\t\t\t\t\tgridheight:290,\n\t\t\t\t\t\t\t\tminHeight:\"\",\n\t\t\t\t\t\t\t\thideSliderAtLimit:501,\n\t\t\t\t\t\t\t\tspinner:\"spinner5\",\n\t\t\t\t\t\t\t\tresponsiveLevels:\"1240,1024,778,480\",\n\t\t\t\t\t\t\t\tnavigation: {\n\t\t\t\t\t\t\t\t\tmouseScrollNavigation:false,\n\t\t\t\t\t\t\t\t\ttouch: {\n\t\t\t\t\t\t\t\t\t\ttouchenabled:true\n\t\t\t\t\t\t\t\t\t}\n\t\t\t\t\t\t\t\t},\n\t\t\t\t\t\t\t\tfallbacks: {\n\t\t\t\t\t\t\t\t\tsimplifyAll:\"\",\n\t\t\t\t\t\t\t\t\tignoreHeightChanges:\"\",\n\t\t\t\t\t\t\t\t\tallowHTML5AutoPlayOnAndroid:true\n\t\t\t\t\t\t\t\t},\n\t\t\t\t\t\t\t});\n\t\t\t\t\t\t}\n\t\t\t\t\t\t\n\t\t\t\t\t});\n\t\t\t\t<\/script>\n\t\t\t<\/rs-module-wrap>\n\t\t\t<!-- END REVOLUTION SLIDER -->\n<div class=\"bordeSlider\"><\/div>\n<div class=\"destacado\">\n<div class=\"one_half\">\n<h4>Desenvolupament\u00a0app<\/h4>\n<p>Les aplicacions m\u00f2bils permeten als clients mantenir una relaci\u00f3 cont\u00ednua amb una empresa. A m\u00e9s d&#8217;augmentar l&#8217;efici\u00e8ncia en oferir un servei disponible les 24 hores del dia, oferir\u00e0s una imatge d&#8217;empresa moderna i a l&#8217;\u00faltima a l&#8217;avantguarda tecnol\u00f2gica.<\/p>\n<p>&#8211; <strong>Desenvolupament d&#8217;aplicacions per a dispositius m\u00f2bils<\/strong>: estem especialitzats en el desenvolupament d&#8217;aplicacions m\u00f2bils tant per iOS com Android, i per tot tipus de dispositius (tablets, smartphones, etc.)<\/p>\n<p>&#8211; <strong>Consultoria i assessorament m\u00f2bil<\/strong>: a Formabinari creiem plenament en els teus projectes i per aix\u00f2 volem convertir la teva idea en realitat fent \u00fas de les millors i m\u00e9s innovadores eines i llenguatges de programaci\u00f3.<\/p>\n<p>&#8211; <strong>Anal\u00edtiques i ASO<\/strong>: si vols que el teu p\u00fablic objectiu trobi la teva aplicaci\u00f3 haur\u00e0s de posicionar b\u00e9 la teva aplicaci\u00f3 m\u00f2bil en els cercadors de les tendes d&#8217;aplicacions com Google Play i Apple Store. Invertir en ASO \u00e9s part de l&#8217;estrat\u00e8gia per incrementar les teves desc\u00e0rregues a mitj\u00e0-llarg termini.<\/p>\n<\/div>\n<\/div>\n<div class=\"destacado\">\n<div class=\"one_half last\">\n<p><img loading=\"lazy\" decoding=\"async\" class=\"alignnone size-full wp-image-86\" src=\"https:\/\/www.formabinari.com\/wp-content\/uploads\/2014\/09\/iPad1.png\" alt=\"iPad1\" width=\"249\" height=\"202\" \/><img loading=\"lazy\" decoding=\"async\" class=\"alignnone size-full wp-image-87\" src=\"https:\/\/www.formabinari.com\/wp-content\/uploads\/2014\/09\/iPad2.png\" alt=\"iPad2\" width=\"249\" height=\"202\" \/><\/p>\n<\/div>\n<div class=\"clear\"><\/div>\n<\/div>\n<div class=\"contentPagina\">\n<div id=\"showasell1\">\n<p><img loading=\"lazy\" decoding=\"async\" class=\"alignnone size-full wp-image-183\" src=\"https:\/\/www.formabinari.com\/wp-content\/uploads\/2014\/09\/Icono3.png\" alt=\"Icono3\" width=\"167\" height=\"45\" \/>ShowaSell \u00e9s una app Cat\u00e0leg per iPad desenvoluupada per Formabinari per a \u00fas dels comercials de la seva empresa, ideada per mostrar els seus productes i fer comandes tan online com offline entre altres funcions b\u00e0siques per a la seva xarxa de comercials.<\/p>\n<\/div>\n<div id=\"showasell2\"><img loading=\"lazy\" decoding=\"async\" class=\"alignnone size-medium wp-image-184\" src=\"https:\/\/www.formabinari.com\/wp-content\/uploads\/2014\/09\/iPad3.png\" alt=\"iPad3\" width=\"201\" height=\"251\" \/><\/div>\n<div id=\"apps1\">\n<h4>App&#8217;s corporatives i funcionals<\/h4>\n<p><img loading=\"lazy\" decoding=\"async\" class=\"alignnone size-medium wp-image-186\" src=\"https:\/\/www.formabinari.com\/wp-content\/uploads\/2014\/09\/Portaventura.png\" alt=\"Portaventura\" width=\"131\" height=\"93\" \/><\/p>\n<p>Creaci\u00f3 i desenvolupament d&#8217;App&#8217;s per a la seva empresa en format natiu o en HTML5. Treballem totes les fases del projecte o si ho prefereix, nom\u00e9s la part de programaci\u00f3.<\/p>\n<\/div>\n<div id=\"apps2\"><img loading=\"lazy\" decoding=\"async\" class=\"alignnone size-medium wp-image-185\" src=\"https:\/\/www.formabinari.com\/wp-content\/uploads\/2014\/09\/IPhone1.png\" alt=\"IPhone1\" width=\"215\" height=\"257\" \/><\/div>\n<\/div>\n<div class=\"clear\"><\/div>\n<div class=\"gap\" style=\"height: 10px;\"><\/div>\n<div class=\"latest-apps negative-wrap\"><div class=\"apps-item  columns\"><div class=\"apps-it\">\n\t\t\t\t  \t\t<a href=\"https:\/\/www.formabinari.com\/ca\/?app=pirateplot\" title=\"PiratePlot\" class=\"apps-title\"><span class=\"apps-pic\"><img decoding=\"async\" src=\"https:\/\/www.formabinari.com\/wp-content\/uploads\/2014\/09\/PiratePlot1.png\" \/><\/span><\/a>\n\t\t\t\t  \t\t\n\t\t\t\t  \t<\/div><\/div><div class=\"apps-item  columns\"><div class=\"apps-it\">\n\t\t\t\t  \t\t<a href=\"https:\/\/www.formabinari.com\/ca\/?app=portaventura\" title=\"PortAventura\" class=\"apps-title\"><span class=\"apps-pic\"><img decoding=\"async\" src=\"https:\/\/www.formabinari.com\/wp-content\/uploads\/2014\/09\/Icon-72@2x.png\" \/><\/span><\/a>\n\t\t\t\t  \t\t\n\t\t\t\t  \t<\/div><\/div><div class=\"apps-item  columns\"><div class=\"apps-it\">\n\t\t\t\t  \t\t<a href=\"https:\/\/www.formabinari.com\/ca\/?app=frontline\" title=\"Frontline\" class=\"apps-title\"><span class=\"apps-pic\"><img decoding=\"async\" src=\"https:\/\/www.formabinari.com\/wp-content\/uploads\/2014\/09\/icon-76@2x.png\" \/><\/span><\/a>\n\t\t\t\t  \t\t\n\t\t\t\t  \t<\/div><\/div><div class=\"apps-item  columns\"><div class=\"apps-it\">\n\t\t\t\t  \t\t<a href=\"https:\/\/www.formabinari.com\/ca\/?app=showasell\" title=\"Showasell\" class=\"apps-title\"><span class=\"apps-pic\"><img decoding=\"async\" src=\"https:\/\/www.formabinari.com\/wp-content\/uploads\/2014\/09\/icon114.png\" \/><\/span><\/a>\n\t\t\t\t  \t\t\n\t\t\t\t  \t<\/div><\/div><div class=\"apps-item  columns\"><div class=\"apps-it\">\n\t\t\t\t  \t\t<a href=\"https:\/\/www.formabinari.com\/ca\/?app=boles-crm\" title=\"Boles CRM\" class=\"apps-title\"><span class=\"apps-pic\"><img decoding=\"async\" src=\"https:\/\/www.formabinari.com\/wp-content\/uploads\/2014\/09\/icon@2x1.png\" \/><\/span><\/a>\n\t\t\t\t  \t\t\n\t\t\t\t  \t<\/div><\/div><div class=\"apps-item  columns\"><div class=\"apps-it\">\n\t\t\t\t  \t\t<a href=\"https:\/\/www.formabinari.com\/ca\/?app=etnia\" title=\"Etnia\" class=\"apps-title\"><span class=\"apps-pic\"><img decoding=\"async\" src=\"https:\/\/www.formabinari.com\/wp-content\/uploads\/2014\/09\/icon@2x.png\" \/><\/span><\/a>\n\t\t\t\t  \t\t\n\t\t\t\t  \t<\/div><\/div><div class=\"apps-item  columns\"><div class=\"apps-it\">\n\t\t\t\t  \t\t<a href=\"https:\/\/www.formabinari.com\/ca\/?app=eladiet\" title=\"Eladiet\" class=\"apps-title\"><span class=\"apps-pic\"><img decoding=\"async\" src=\"https:\/\/www.formabinari.com\/wp-content\/uploads\/2014\/09\/icon.png\" \/><\/span><\/a>\n\t\t\t\t  \t\t\n\t\t\t\t  \t<\/div><\/div><div class=\"apps-item  columns\"><div class=\"apps-it\">\n\t\t\t\t  \t\t<a href=\"https:\/\/www.formabinari.com\/ca\/?app=grupcom\" title=\"Grupcom\" class=\"apps-title\"><span class=\"apps-pic\"><img decoding=\"async\" src=\"https:\/\/www.formabinari.com\/wp-content\/uploads\/2014\/09\/grupcom.jpg\" \/><\/span><\/a>\n\t\t\t\t  \t\t\n\t\t\t\t  \t<\/div><\/div><div class=\"apps-item  columns\"><div class=\"apps-it\">\n\t\t\t\t  \t\t<a href=\"https:\/\/www.formabinari.com\/ca\/?app=forum-impulsa\" title=\"Forum Impulsa\" class=\"apps-title\"><span class=\"apps-pic\"><img decoding=\"async\" src=\"https:\/\/www.formabinari.com\/wp-content\/uploads\/2014\/09\/paste-1.jpg\" \/><\/span><\/a>\n\t\t\t\t  \t\t\n\t\t\t\t  \t<\/div><\/div><div class=\"apps-item  columns\"><div class=\"apps-it\">\n\t\t\t\t  \t\t<a href=\"https:\/\/www.formabinari.com\/ca\/?app=portaventura\" title=\"WordUp\" class=\"apps-title\"><span class=\"apps-pic\"><img decoding=\"async\" src=\"https:\/\/www.formabinari.com\/wp-content\/uploads\/2014\/09\/wordup.jpg\" \/><\/span><\/a>\n\t\t\t\t  \t\t\n\t\t\t\t  \t<\/div><\/div><\/div><div class=\"clear\"><\/div>\n<div class=\"gap\" style=\"height: 10px;\"><\/div>","protected":false},"excerpt":{"rendered":"<p>Desenvolupament\u00a0app Les aplicacions m\u00f2bils permeten als clients mantenir una relaci\u00f3 cont\u00ednua amb una empresa. A m\u00e9s d&#8217;augmentar l&#8217;efici\u00e8ncia en oferir un servei disponible les 24 hores del dia, oferir\u00e0s una\u2026 <a href=\"https:\/\/www.formabinari.com\/ca\/?app=portaventura\" class=\"read-more-link\">read more &rarr;<\/a><\/p>\n","protected":false},"author":1,"featured_media":0,"parent":0,"menu_order":0,"comment_status":"closed","ping_status":"closed","template":"page-fullwidth.php","meta":{"_acf_changed":false,"footnotes":""},"class_list":["post-417","page","type-page","status-publish","hentry"],"acf":[],"yoast_head":"<!-- This site is optimized with the Yoast SEO plugin v21.6 - https:\/\/yoast.com\/wordpress\/plugins\/seo\/ -->\n<title>Desenvolupament app - FORMABINARI SL<\/title>\n<meta name=\"robots\" content=\"index, follow, max-snippet:-1, max-image-preview:large, max-video-preview:-1\" \/>\n<link rel=\"canonical\" href=\"https:\/\/www.formabinari.com\/desarrollo-app\/\" \/>\n<meta property=\"og:locale\" content=\"ca_ES\" \/>\n<meta property=\"og:type\" content=\"article\" \/>\n<meta property=\"og:title\" content=\"[:es]Desarrollo app[:ca]Desenvolupament app[:] - FORMABINARI SL\" \/>\n<meta property=\"og:description\" content=\"Desenvolupament\u00a0app Les aplicacions m\u00f2bils permeten als clients mantenir una relaci\u00f3 cont\u00ednua amb una empresa. A m\u00e9s d&#8217;augmentar l&#8217;efici\u00e8ncia en oferir un servei disponible les 24 hores del dia, oferir\u00e0s una\u2026 read more &rarr;\" \/>\n<meta property=\"og:url\" content=\"https:\/\/www.formabinari.com\/desarrollo-app\/\" \/>\n<meta property=\"og:site_name\" content=\"FORMABINARI SL\" \/>\n<meta property=\"article:modified_time\" content=\"2023-01-26T11:02:28+00:00\" \/>\n<meta property=\"og:image\" content=\"https:\/\/www.formabinari.com\/wp-content\/uploads\/2014\/09\/iPad1.png\" \/>\n<meta name=\"twitter:card\" content=\"summary_large_image\" \/>\n<meta name=\"twitter:label1\" content=\"Est. reading time\" \/>\n\t<meta name=\"twitter:data1\" content=\"5 minutes\" \/>\n<script type=\"application\/ld+json\" class=\"yoast-schema-graph\">{\"@context\":\"https:\/\/schema.org\",\"@graph\":[{\"@type\":\"WebPage\",\"@id\":\"https:\/\/www.formabinari.com\/desarrollo-app\/\",\"url\":\"https:\/\/www.formabinari.com\/desarrollo-app\/\",\"name\":\"[:es]Desarrollo app[:ca]Desenvolupament app[:] - FORMABINARI SL\",\"isPartOf\":{\"@id\":\"https:\/\/www.formabinari.com\/#website\"},\"datePublished\":\"2015-12-16T12:00:29+00:00\",\"dateModified\":\"2023-01-26T11:02:28+00:00\",\"breadcrumb\":{\"@id\":\"https:\/\/www.formabinari.com\/desarrollo-app\/#breadcrumb\"},\"inLanguage\":\"ca-ES\",\"potentialAction\":[{\"@type\":\"ReadAction\",\"target\":[\"https:\/\/www.formabinari.com\/desarrollo-app\/\"]}]},{\"@type\":\"BreadcrumbList\",\"@id\":\"https:\/\/www.formabinari.com\/desarrollo-app\/#breadcrumb\",\"itemListElement\":[{\"@type\":\"ListItem\",\"position\":1,\"name\":\"Portada\",\"item\":\"https:\/\/www.formabinari.com\/\"},{\"@type\":\"ListItem\",\"position\":2,\"name\":\"Desarrollo app\"}]},{\"@type\":\"WebSite\",\"@id\":\"https:\/\/www.formabinari.com\/#website\",\"url\":\"https:\/\/www.formabinari.com\/\",\"name\":\"FORMABINARI SL\",\"description\":\"Internet Solutions\",\"potentialAction\":[{\"@type\":\"SearchAction\",\"target\":{\"@type\":\"EntryPoint\",\"urlTemplate\":\"https:\/\/www.formabinari.com\/?s={search_term_string}\"},\"query-input\":\"required name=search_term_string\"}],\"inLanguage\":\"ca-ES\"}]}<\/script>\n<!-- \/ Yoast SEO plugin. -->","yoast_head_json":{"title":"[:es]Desarrollo app[:ca]Desenvolupament app[:] - FORMABINARI SL","robots":{"index":"index","follow":"follow","max-snippet":"max-snippet:-1","max-image-preview":"max-image-preview:large","max-video-preview":"max-video-preview:-1"},"canonical":"https:\/\/www.formabinari.com\/desarrollo-app\/","og_locale":"ca_ES","og_type":"article","og_title":"[:es]Desarrollo app[:ca]Desenvolupament app[:] - FORMABINARI SL","og_description":"Desenvolupament\u00a0app Les aplicacions m\u00f2bils permeten als clients mantenir una relaci\u00f3 cont\u00ednua amb una empresa. A m\u00e9s d&#8217;augmentar l&#8217;efici\u00e8ncia en oferir un servei disponible les 24 hores del dia, oferir\u00e0s una\u2026 read more &rarr;","og_url":"https:\/\/www.formabinari.com\/desarrollo-app\/","og_site_name":"FORMABINARI SL","article_modified_time":"2023-01-26T11:02:28+00:00","og_image":[{"url":"https:\/\/www.formabinari.com\/wp-content\/uploads\/2014\/09\/iPad1.png"}],"twitter_card":"summary_large_image","twitter_misc":{"Est. reading time":"5 minutes"},"schema":{"@context":"https:\/\/schema.org","@graph":[{"@type":"WebPage","@id":"https:\/\/www.formabinari.com\/desarrollo-app\/","url":"https:\/\/www.formabinari.com\/desarrollo-app\/","name":"[:es]Desarrollo app[:ca]Desenvolupament app[:] - FORMABINARI SL","isPartOf":{"@id":"https:\/\/www.formabinari.com\/#website"},"datePublished":"2015-12-16T12:00:29+00:00","dateModified":"2023-01-26T11:02:28+00:00","breadcrumb":{"@id":"https:\/\/www.formabinari.com\/desarrollo-app\/#breadcrumb"},"inLanguage":"ca-ES","potentialAction":[{"@type":"ReadAction","target":["https:\/\/www.formabinari.com\/desarrollo-app\/"]}]},{"@type":"BreadcrumbList","@id":"https:\/\/www.formabinari.com\/desarrollo-app\/#breadcrumb","itemListElement":[{"@type":"ListItem","position":1,"name":"Portada","item":"https:\/\/www.formabinari.com\/"},{"@type":"ListItem","position":2,"name":"Desarrollo app"}]},{"@type":"WebSite","@id":"https:\/\/www.formabinari.com\/#website","url":"https:\/\/www.formabinari.com\/","name":"FORMABINARI SL","description":"Internet Solutions","potentialAction":[{"@type":"SearchAction","target":{"@type":"EntryPoint","urlTemplate":"https:\/\/www.formabinari.com\/?s={search_term_string}"},"query-input":"required name=search_term_string"}],"inLanguage":"ca-ES"}]}},"_links":{"self":[{"href":"https:\/\/www.formabinari.com\/ca\/wp-json\/wp\/v2\/pages\/417","targetHints":{"allow":["GET"]}}],"collection":[{"href":"https:\/\/www.formabinari.com\/ca\/wp-json\/wp\/v2\/pages"}],"about":[{"href":"https:\/\/www.formabinari.com\/ca\/wp-json\/wp\/v2\/types\/page"}],"author":[{"embeddable":true,"href":"https:\/\/www.formabinari.com\/ca\/wp-json\/wp\/v2\/users\/1"}],"replies":[{"embeddable":true,"href":"https:\/\/www.formabinari.com\/ca\/wp-json\/wp\/v2\/comments?post=417"}],"version-history":[{"count":11,"href":"https:\/\/www.formabinari.com\/ca\/wp-json\/wp\/v2\/pages\/417\/revisions"}],"predecessor-version":[{"id":1068,"href":"https:\/\/www.formabinari.com\/ca\/wp-json\/wp\/v2\/pages\/417\/revisions\/1068"}],"wp:attachment":[{"href":"https:\/\/www.formabinari.com\/ca\/wp-json\/wp\/v2\/media?parent=417"}],"curies":[{"name":"wp","href":"https:\/\/api.w.org\/{rel}","templated":true}]}}