{"id":505,"date":"2016-02-26T14:17:31","date_gmt":"2016-02-26T14:17:31","guid":{"rendered":"https:\/\/www.formabinari.com\/?page_id=505"},"modified":"2016-05-20T17:32:58","modified_gmt":"2016-05-20T17:32:58","slug":"programacio","status":"publish","type":"page","link":"https:\/\/www.formabinari.com\/ca\/desenvolupament-de-software\/","title":{"rendered":"Programaci\u00f3"},"content":{"rendered":"<p>\n\t\t\t<!-- START Desarrollo software REVOLUTION SLIDER 6.1.5 --><p class=\"rs-p-wp-fix\"><\/p>\n\t\t\t<rs-module-wrap id=\"rev_slider_16_2_wrapper\" data-source=\"gallery\" data-aimg=\"\"  style=\"background:#E9E9E9;padding:0;margin:0px auto;margin-top:0;margin-bottom:0;\">\n\t\t\t\t<rs-module id=\"rev_slider_16_2\" style=\"display:none;\" data-version=\"6.1.5\">\n\t\t\t\t\t<rs-slides>\n\t\t\t\t\t\t<rs-slide data-key=\"rs-19\" data-title=\"Slide\" data-anim=\"ei:d;eo:d;s:300;r:0;t:random;sl:7;\" data-firstanim=\"t:fade;s:500;sl:7;\">\n\t\t\t\t\t\t\t<img decoding=\"async\" src=\"\/\/www.formabinari.com\/wp-content\/uploads\/2016\/02\/programacion1.jpg\" title=\"Programaci\u00f3\" class=\"rev-slidebg\" data-no-retina>\n<!---->\t\t\t\t\t\t<\/rs-slide>\n\t\t\t\t\t<\/rs-slides>\n\t\t\t\t\t<rs-progress style=\"height: 5px; background: #FFFFFF;\"><\/rs-progress>\n\t\t\t\t<\/rs-module>\n\t\t\t\t<script type=\"text\/javascript\">\n\t\t\t\t\tsetREVStartSize({c: 'rev_slider_16_2',rl:[1240,1024,778,480],el:[],gw:[960],gh:[290],layout:'fullwidth',mh:\"0\"});\n\t\t\t\t\tvar\trevapi16,\n\t\t\t\t\t\ttpj;\n\t\t\t\t\tjQuery(function() {\n\t\t\t\t\t\ttpj = jQuery;\n\t\t\t\t\t\ttpj.noConflict();\n\t\t\t\t\t\tif(tpj(\"#rev_slider_16_2\").revolution == undefined){\n\t\t\t\t\t\t\trevslider_showDoubleJqueryError(\"#rev_slider_16_2\");\n\t\t\t\t\t\t}else{\n\t\t\t\t\t\t\trevapi16 = tpj(\"#rev_slider_16_2\").show().revolution({\n\t\t\t\t\t\t\t\tjsFileLocation:\"\/\/www.formabinari.com\/wp-content\/plugins\/revslider\/public\/assets\/js\/\",\n\t\t\t\t\t\t\t\tvisibilityLevels:\"1240,1024,778,480\",\n\t\t\t\t\t\t\t\tgridwidth:960,\n\t\t\t\t\t\t\t\tgridheight:290,\n\t\t\t\t\t\t\t\tminHeight:\"\",\n\t\t\t\t\t\t\t\thideSliderAtLimit:501,\n\t\t\t\t\t\t\t\tspinner:\"spinner5\",\n\t\t\t\t\t\t\t\tresponsiveLevels:\"1240,1024,778,480\",\n\t\t\t\t\t\t\t\tnavigation: {\n\t\t\t\t\t\t\t\t\tmouseScrollNavigation:false,\n\t\t\t\t\t\t\t\t\ttouch: {\n\t\t\t\t\t\t\t\t\t\ttouchenabled:true\n\t\t\t\t\t\t\t\t\t}\n\t\t\t\t\t\t\t\t},\n\t\t\t\t\t\t\t\tfallbacks: {\n\t\t\t\t\t\t\t\t\tsimplifyAll:\"\",\n\t\t\t\t\t\t\t\t\tignoreHeightChanges:\"\",\n\t\t\t\t\t\t\t\t\tallowHTML5AutoPlayOnAndroid:true\n\t\t\t\t\t\t\t\t},\n\t\t\t\t\t\t\t});\n\t\t\t\t\t\t}\n\t\t\t\t\t\t\n\t\t\t\t\t});\n\t\t\t\t<\/script>\n\t\t\t<\/rs-module-wrap>\n\t\t\t<!-- END REVOLUTION SLIDER -->\n<div class=\"bordeSlider\"><\/div>\n<div class=\"destacado\">\n<div class=\"one_half\">\n<h4>DESENVOLUPAMENT\u00a0DE SOFTWARE<\/h4>\n<p>Posem a la seva disposici\u00f3 els nostres <strong>serveis de programaci\u00f3<\/strong> a mida per crear qualsevol eina software per millorar, potenciar i sistematitzar tots o part dels processos de la seva empresa. Aix\u00f2 \u00e9s un avantatge a nivell intern, per\u00f2 tamb\u00e9 pot crear eines per relacionar-se externament d\u2019una forma totalment nova amb els seus clients i prove\u00efdors.<\/p>\n<p>La tecnologia que utilitzem ens permet integrar al 100% el seu treball a Internet, fent possible l\u2019acc\u00e9s a tota la informaci\u00f3 des de qualsevol punt amb acc\u00e9s a Internet, publicar part o tota la base de dades en un lloc web p\u00fablic o sincronitzar les bases de dades. La nostra soluci\u00f3 tamb\u00e9 \u00e9s id\u00f2nia en el cas de que la seva infraestructura es compongui de dos o m\u00e9s sucursals, ja que podr\u00e0 accedir en temps real a tota la informaci\u00f3 des de qualsevol d\u2019elles.<\/p>\n<\/div>\n<div class=\"one_half last\">\n&nbsp;<br \/>&nbsp;<br \/>\nPHP \u00e9s el nostre llenguatge de programaci\u00f3. PHP \u00e9s un llenguatge de script de la banda servidor (server-side scripting) d\u2019\u00fas general i \u00e0mpliament dif\u00f3s tant per la creaci\u00f3 de p\u00e0gines web com per aplicacions. PHP \u00e9s software lliure, que \u00e9s la denominaci\u00f3 del software que respecta la llibertat dels usuaris sobre el seu producte adquirit i, per tant, una vegada obtingut, pot ser utilitzat, copiat, estudiat, canviat i redistribu\u00eft lliurement.<\/p>\n<p>Les nostres p\u00e0gines web s\u2019aprofiten de la tecnologia utilitzada a la programaci\u00f3 d\u2019aplicacions a mida, fent-les m\u00e9s r\u00e0pides i poden aconseguir un nivell operatiu m\u00e0xim.\n<\/p><\/div>\n<div class=\"clear\"><\/div>\n<\/div>\n<p><\/p>","protected":false},"excerpt":{"rendered":"<p>DESENVOLUPAMENT\u00a0DE SOFTWARE Posem a la seva disposici\u00f3 els nostres serveis de programaci\u00f3 a mida per crear qualsevol eina software per millorar, potenciar i sistematitzar tots o part dels processos de\u2026 <a href=\"https:\/\/www.formabinari.com\/ca\/desenvolupament-de-software\/\" class=\"read-more-link\">read more &rarr;<\/a><\/p>\n","protected":false},"author":1,"featured_media":0,"parent":0,"menu_order":0,"comment_status":"closed","ping_status":"closed","template":"page-fullwidth.php","meta":{"_acf_changed":false,"footnotes":""},"class_list":["post-505","page","type-page","status-publish","hentry"],"acf":[],"yoast_head":"<!-- This site is optimized with the Yoast SEO plugin v21.6 - https:\/\/yoast.com\/wordpress\/plugins\/seo\/ -->\n<title>Programaci\u00f3 - FORMABINARI SL<\/title>\n<meta name=\"robots\" content=\"index, follow, max-snippet:-1, max-image-preview:large, max-video-preview:-1\" \/>\n<link rel=\"canonical\" href=\"https:\/\/www.formabinari.com\/desarrollo-de-software\/\" \/>\n<meta property=\"og:locale\" content=\"ca_ES\" \/>\n<meta property=\"og:type\" content=\"article\" \/>\n<meta property=\"og:title\" content=\"[:es]Programaci\u00f3n[:ca]Programaci\u00f3[:] - FORMABINARI SL\" \/>\n<meta property=\"og:description\" content=\"DESENVOLUPAMENT\u00a0DE SOFTWARE Posem a la seva disposici\u00f3 els nostres serveis de programaci\u00f3 a mida per crear qualsevol eina software per millorar, potenciar i sistematitzar tots o part dels processos de\u2026 read more &rarr;\" \/>\n<meta property=\"og:url\" content=\"https:\/\/www.formabinari.com\/desarrollo-de-software\/\" \/>\n<meta property=\"og:site_name\" content=\"FORMABINARI SL\" \/>\n<meta property=\"article:modified_time\" content=\"2016-05-20T17:32:58+00:00\" \/>\n<meta name=\"twitter:card\" content=\"summary_large_image\" \/>\n<meta name=\"twitter:label1\" content=\"Est. reading time\" \/>\n\t<meta name=\"twitter:data1\" content=\"3 minutes\" \/>\n<script type=\"application\/ld+json\" class=\"yoast-schema-graph\">{\"@context\":\"https:\/\/schema.org\",\"@graph\":[{\"@type\":\"WebPage\",\"@id\":\"https:\/\/www.formabinari.com\/desarrollo-de-software\/\",\"url\":\"https:\/\/www.formabinari.com\/desarrollo-de-software\/\",\"name\":\"[:es]Programaci\u00f3n[:ca]Programaci\u00f3[:] - FORMABINARI SL\",\"isPartOf\":{\"@id\":\"https:\/\/www.formabinari.com\/#website\"},\"datePublished\":\"2016-02-26T14:17:31+00:00\",\"dateModified\":\"2016-05-20T17:32:58+00:00\",\"breadcrumb\":{\"@id\":\"https:\/\/www.formabinari.com\/desarrollo-de-software\/#breadcrumb\"},\"inLanguage\":\"ca-ES\",\"potentialAction\":[{\"@type\":\"ReadAction\",\"target\":[\"https:\/\/www.formabinari.com\/desarrollo-de-software\/\"]}]},{\"@type\":\"BreadcrumbList\",\"@id\":\"https:\/\/www.formabinari.com\/desarrollo-de-software\/#breadcrumb\",\"itemListElement\":[{\"@type\":\"ListItem\",\"position\":1,\"name\":\"Portada\",\"item\":\"https:\/\/www.formabinari.com\/\"},{\"@type\":\"ListItem\",\"position\":2,\"name\":\"Programaci\u00f3n\"}]},{\"@type\":\"WebSite\",\"@id\":\"https:\/\/www.formabinari.com\/#website\",\"url\":\"https:\/\/www.formabinari.com\/\",\"name\":\"FORMABINARI SL\",\"description\":\"Internet Solutions\",\"potentialAction\":[{\"@type\":\"SearchAction\",\"target\":{\"@type\":\"EntryPoint\",\"urlTemplate\":\"https:\/\/www.formabinari.com\/?s={search_term_string}\"},\"query-input\":\"required name=search_term_string\"}],\"inLanguage\":\"ca-ES\"}]}<\/script>\n<!-- \/ Yoast SEO plugin. -->","yoast_head_json":{"title":"[:es]Programaci\u00f3n[:ca]Programaci\u00f3[:] - FORMABINARI SL","robots":{"index":"index","follow":"follow","max-snippet":"max-snippet:-1","max-image-preview":"max-image-preview:large","max-video-preview":"max-video-preview:-1"},"canonical":"https:\/\/www.formabinari.com\/desarrollo-de-software\/","og_locale":"ca_ES","og_type":"article","og_title":"[:es]Programaci\u00f3n[:ca]Programaci\u00f3[:] - FORMABINARI SL","og_description":"DESENVOLUPAMENT\u00a0DE SOFTWARE Posem a la seva disposici\u00f3 els nostres serveis de programaci\u00f3 a mida per crear qualsevol eina software per millorar, potenciar i sistematitzar tots o part dels processos de\u2026 read more &rarr;","og_url":"https:\/\/www.formabinari.com\/desarrollo-de-software\/","og_site_name":"FORMABINARI SL","article_modified_time":"2016-05-20T17:32:58+00:00","twitter_card":"summary_large_image","twitter_misc":{"Est. reading time":"3 minutes"},"schema":{"@context":"https:\/\/schema.org","@graph":[{"@type":"WebPage","@id":"https:\/\/www.formabinari.com\/desarrollo-de-software\/","url":"https:\/\/www.formabinari.com\/desarrollo-de-software\/","name":"[:es]Programaci\u00f3n[:ca]Programaci\u00f3[:] - FORMABINARI SL","isPartOf":{"@id":"https:\/\/www.formabinari.com\/#website"},"datePublished":"2016-02-26T14:17:31+00:00","dateModified":"2016-05-20T17:32:58+00:00","breadcrumb":{"@id":"https:\/\/www.formabinari.com\/desarrollo-de-software\/#breadcrumb"},"inLanguage":"ca-ES","potentialAction":[{"@type":"ReadAction","target":["https:\/\/www.formabinari.com\/desarrollo-de-software\/"]}]},{"@type":"BreadcrumbList","@id":"https:\/\/www.formabinari.com\/desarrollo-de-software\/#breadcrumb","itemListElement":[{"@type":"ListItem","position":1,"name":"Portada","item":"https:\/\/www.formabinari.com\/"},{"@type":"ListItem","position":2,"name":"Programaci\u00f3n"}]},{"@type":"WebSite","@id":"https:\/\/www.formabinari.com\/#website","url":"https:\/\/www.formabinari.com\/","name":"FORMABINARI SL","description":"Internet Solutions","potentialAction":[{"@type":"SearchAction","target":{"@type":"EntryPoint","urlTemplate":"https:\/\/www.formabinari.com\/?s={search_term_string}"},"query-input":"required name=search_term_string"}],"inLanguage":"ca-ES"}]}},"_links":{"self":[{"href":"https:\/\/www.formabinari.com\/ca\/wp-json\/wp\/v2\/pages\/505","targetHints":{"allow":["GET"]}}],"collection":[{"href":"https:\/\/www.formabinari.com\/ca\/wp-json\/wp\/v2\/pages"}],"about":[{"href":"https:\/\/www.formabinari.com\/ca\/wp-json\/wp\/v2\/types\/page"}],"author":[{"embeddable":true,"href":"https:\/\/www.formabinari.com\/ca\/wp-json\/wp\/v2\/users\/1"}],"replies":[{"embeddable":true,"href":"https:\/\/www.formabinari.com\/ca\/wp-json\/wp\/v2\/comments?post=505"}],"version-history":[{"count":14,"href":"https:\/\/www.formabinari.com\/ca\/wp-json\/wp\/v2\/pages\/505\/revisions"}],"predecessor-version":[{"id":578,"href":"https:\/\/www.formabinari.com\/ca\/wp-json\/wp\/v2\/pages\/505\/revisions\/578"}],"wp:attachment":[{"href":"https:\/\/www.formabinari.com\/ca\/wp-json\/wp\/v2\/media?parent=505"}],"curies":[{"name":"wp","href":"https:\/\/api.w.org\/{rel}","templated":true}]}}