{"id":640,"date":"2024-10-15T15:48:51","date_gmt":"2024-10-15T13:48:51","guid":{"rendered":"https:\/\/www.formabinari.com\/?page_id=640"},"modified":"2024-10-16T22:01:01","modified_gmt":"2024-10-16T20:01:01","slug":"cloud-privado","status":"publish","type":"page","link":"https:\/\/www.formabinari.com\/ca\/cloud-privat\/","title":{"rendered":"Cloud Privat \/ H\u00edbrid"},"content":{"rendered":"<p>[vc_row][vc_column][vc_column_text]<div class=\"bordeSlider\"><\/div>\n<div class=\"destacado\">\n<p>A FORMABINARI som especialistes en els serveis al Cloud, i amb el nostre nou servei de Cloud Privat \/ Hibrid oferim a les empreses la possibilitat de traslladar tota seva xarxa f\u00edsica (virtualitzaci\u00f3 de xarxa) al nostre Cloud sense necessitat de canvis en el software existent. Tamb\u00e9 us podem oferir el pla i execuci\u00f3 de la migraci\u00f3 o ens podem coordindar amb els vostre departament de IT perque ells directament la poguin realitzar.<\/p>\n<p>&nbsp;<\/p>\n<ul>\n<li>Costos inclosos en el servei\n<ul>\n<li>SAI i grups electr\u00f2gens<\/li>\n<li>Compra, actualitzaci\u00f3 continua i manteniment del hardware<\/li>\n<li>Consum el\u00e8ctric: servidor i refrigeraci\u00f3<\/li>\n<\/ul>\n<\/li>\n<li>Rendiment\n<ul>\n<li>Augment de la productivitat<\/li>\n<li>Millora en la experi\u00e8ncia del usuari<\/li>\n<\/ul>\n<\/li>\n<li>Fiabilitat\n<ul>\n<li>Alimentaci\u00f3 el\u00e8ctrica garantida<\/li>\n<li>Connexi\u00f3 a Internet super redundant<\/li>\n<li>Xarxa Local de m\u00e0xima qualitat<\/li>\n<\/ul>\n<\/li>\n<li>Seguretat\n<ul>\n<li>Firewall perimetral<\/li>\n<li>Possibilitat de VPN punt a punt (transparent al usuari)<\/li>\n<li>Instal.lacions buncaritzades<\/li>\n<\/ul>\n<\/li>\n<li>Teletreball\n<ul>\n<li>Gr\u00e0cies al Firewall perimetral i les connexions VPN, els usuaris poden treballar des de qualsevol ubicaci\u00f3 f\u00edsica on tinguin connexi\u00f3 a Internet<\/li>\n<li>Perfecte per empreses multiseu<\/li>\n<li>Facilitat en els trasllat de les oficines al no estar el sistema inform\u00e0tic lligat a cap d&#8217;elles<\/li>\n<\/ul>\n<\/li>\n<\/ul>\n<\/div>\n<p>[\/vc_column_text][\/vc_column][\/vc_row][vc_row][vc_column][vc_column_text]<\/p>\n<h5><strong>Sol\u00b7licita informaci\u00f3, ARA!<\/strong><\/h5>\n<div class=\"one_half\">\n<div class=\"wpcf7 no-js\" id=\"wpcf7-f359-o2\" lang=\"es-ES\" dir=\"ltr\" data-wpcf7-id=\"359\">\n<div class=\"screen-reader-response\"><p role=\"status\" aria-live=\"polite\" aria-atomic=\"true\"><\/p> <ul><\/ul><\/div>\n<form action=\"\/ca\/wp-json\/wp\/v2\/pages\/640#wpcf7-f359-o2\" method=\"post\" class=\"wpcf7-form init\" aria-label=\"Contact form\" novalidate=\"novalidate\" data-status=\"init\">\n<fieldset class=\"hidden-fields-container\"><input type=\"hidden\" name=\"_wpcf7\" value=\"359\" \/><input type=\"hidden\" name=\"_wpcf7_version\" value=\"6.1.4\" \/><input type=\"hidden\" name=\"_wpcf7_locale\" value=\"es_ES\" \/><input type=\"hidden\" name=\"_wpcf7_unit_tag\" value=\"wpcf7-f359-o2\" \/><input type=\"hidden\" name=\"_wpcf7_container_post\" value=\"0\" \/><input type=\"hidden\" name=\"_wpcf7_posted_data_hash\" value=\"\" \/><input type=\"hidden\" name=\"_wpcf7_recaptcha_response\" value=\"\" \/>\n<\/fieldset>\n<div id=\"contacta\">\n\t<div>\n\t\t<p>Nom<span class=\"wpcf7-form-control-wrap\" data-name=\"your-name\"><input size=\"40\" maxlength=\"400\" class=\"wpcf7-form-control wpcf7-text wpcf7-validates-as-required\" aria-required=\"true\" aria-invalid=\"false\" value=\"\" type=\"text\" name=\"your-name\" \/><\/span>\n\t\t<\/p>\n\t<\/div>\n\t<div>\n\t\t<p>Tel\u00e8fon<span class=\"wpcf7-form-control-wrap\" data-name=\"tel-542\"><input size=\"40\" maxlength=\"400\" class=\"wpcf7-form-control wpcf7-tel wpcf7-text wpcf7-validates-as-tel\" aria-invalid=\"false\" value=\"\" type=\"tel\" name=\"tel-542\" \/><\/span>\n\t\t<\/p>\n\t<\/div>\n\t<div>\n\t\t<p>Email<span class=\"wpcf7-form-control-wrap\" data-name=\"your-email\"><input size=\"40\" maxlength=\"400\" class=\"wpcf7-form-control wpcf7-email wpcf7-validates-as-required wpcf7-text wpcf7-validates-as-email\" aria-required=\"true\" aria-invalid=\"false\" value=\"\" type=\"email\" name=\"your-email\" \/><\/span>\n\t\t<\/p>\n\t<\/div>\n\t<div>\n\t\t<p>Assumpte<span class=\"wpcf7-form-control-wrap\" data-name=\"your-subject\"><input size=\"40\" maxlength=\"400\" class=\"wpcf7-form-control wpcf7-text wpcf7-validates-as-required\" aria-required=\"true\" aria-invalid=\"false\" value=\"\" type=\"text\" name=\"your-subject\" \/><\/span>\n\t\t<\/p>\n\t<\/div>\n\t<div>\n\t\t<p>Missatge<span class=\"wpcf7-form-control-wrap\" data-name=\"your-message\"><textarea cols=\"40\" rows=\"10\" maxlength=\"2000\" class=\"wpcf7-form-control wpcf7-textarea\" aria-invalid=\"false\" name=\"your-message\"><\/textarea><\/span>\n\t\t<\/p>\n\t<\/div>\n<\/div>\n<p><input class=\"wpcf7-form-control wpcf7-submit has-spinner\" type=\"submit\" value=\"Enviar\" \/>\n<\/p><div class=\"wpcf7-response-output\" aria-hidden=\"true\"><\/div>\n<\/form>\n<\/div>\n\n<\/div>\n<p> [\/vc_column_text][\/vc_column][\/vc_row]<\/p>","protected":false},"excerpt":{"rendered":"<p>[vc_row][vc_column][vc_column_text] A FORMABINARI som especialistes en els serveis al Cloud, i amb el nostre nou servei de Cloud Privat \/ Hibrid oferim a les empreses la possibilitat de traslladar tota\u2026 <a href=\"https:\/\/www.formabinari.com\/ca\/cloud-privat\/\" class=\"read-more-link\">read more &rarr;<\/a><\/p>\n","protected":false},"author":1,"featured_media":0,"parent":0,"menu_order":0,"comment_status":"closed","ping_status":"closed","template":"page-fullwidth.php","meta":{"_acf_changed":false,"footnotes":""},"class_list":["post-640","page","type-page","status-publish","hentry"],"acf":[],"yoast_head":"<!-- This site is optimized with the Yoast SEO plugin v21.6 - https:\/\/yoast.com\/wordpress\/plugins\/seo\/ -->\n<title>Cloud Privat \/ H\u00edbrid - FORMABINARI SL<\/title>\n<meta name=\"robots\" content=\"index, follow, max-snippet:-1, max-image-preview:large, max-video-preview:-1\" \/>\n<link rel=\"canonical\" href=\"https:\/\/www.formabinari.com\/ca\/cloud-privat\/\" \/>\n<meta property=\"og:locale\" content=\"ca_ES\" \/>\n<meta property=\"og:type\" content=\"article\" \/>\n<meta property=\"og:title\" content=\"[:es]Cloud Privado \/ H\u00edbrido[:ca]Cloud Privat \/ H\u00edbrid[:] - FORMABINARI SL\" \/>\n<meta property=\"og:description\" content=\"[vc_row][vc_column][vc_column_text] A FORMABINARI som especialistes en els serveis al Cloud, i amb el nostre nou servei de Cloud Privat \/ Hibrid oferim a les empreses la possibilitat de traslladar tota\u2026 read more &rarr;\" \/>\n<meta property=\"og:url\" content=\"https:\/\/www.formabinari.com\/ca\/cloud-privat\/\" \/>\n<meta property=\"og:site_name\" content=\"FORMABINARI SL\" \/>\n<meta property=\"article:modified_time\" content=\"2024-10-16T20:01:01+00:00\" \/>\n<meta name=\"twitter:card\" content=\"summary_large_image\" \/>\n<meta name=\"twitter:label1\" content=\"Est. reading time\" \/>\n\t<meta name=\"twitter:data1\" content=\"3 minutes\" \/>\n<script type=\"application\/ld+json\" class=\"yoast-schema-graph\">{\"@context\":\"https:\/\/schema.org\",\"@graph\":[{\"@type\":\"WebPage\",\"@id\":\"https:\/\/www.formabinari.com\/ca\/cloud-privat\/\",\"url\":\"https:\/\/www.formabinari.com\/ca\/cloud-privat\/\",\"name\":\"[:es]Cloud Privado \/ H\u00edbrido[:ca]Cloud Privat \/ H\u00edbrid[:] - FORMABINARI SL\",\"isPartOf\":{\"@id\":\"https:\/\/www.formabinari.com\/#website\"},\"datePublished\":\"2024-10-15T13:48:51+00:00\",\"dateModified\":\"2024-10-16T20:01:01+00:00\",\"breadcrumb\":{\"@id\":\"https:\/\/www.formabinari.com\/ca\/cloud-privat\/#breadcrumb\"},\"inLanguage\":\"ca-ES\",\"potentialAction\":[{\"@type\":\"ReadAction\",\"target\":[\"https:\/\/www.formabinari.com\/ca\/cloud-privat\/\"]}]},{\"@type\":\"BreadcrumbList\",\"@id\":\"https:\/\/www.formabinari.com\/ca\/cloud-privat\/#breadcrumb\",\"itemListElement\":[{\"@type\":\"ListItem\",\"position\":1,\"name\":\"Portada\",\"item\":\"https:\/\/www.formabinari.com\/\"},{\"@type\":\"ListItem\",\"position\":2,\"name\":\"Cloud Privat \/ H\u00edbrid\"}]},{\"@type\":\"WebSite\",\"@id\":\"https:\/\/www.formabinari.com\/#website\",\"url\":\"https:\/\/www.formabinari.com\/\",\"name\":\"FORMABINARI SL\",\"description\":\"Internet Solutions\",\"potentialAction\":[{\"@type\":\"SearchAction\",\"target\":{\"@type\":\"EntryPoint\",\"urlTemplate\":\"https:\/\/www.formabinari.com\/?s={search_term_string}\"},\"query-input\":\"required name=search_term_string\"}],\"inLanguage\":\"ca-ES\"}]}<\/script>\n<!-- \/ Yoast SEO plugin. -->","yoast_head_json":{"title":"[:es]Cloud Privado \/ H\u00edbrido[:ca]Cloud Privat \/ H\u00edbrid[:] - FORMABINARI SL","robots":{"index":"index","follow":"follow","max-snippet":"max-snippet:-1","max-image-preview":"max-image-preview:large","max-video-preview":"max-video-preview:-1"},"canonical":"https:\/\/www.formabinari.com\/ca\/cloud-privat\/","og_locale":"ca_ES","og_type":"article","og_title":"[:es]Cloud Privado \/ H\u00edbrido[:ca]Cloud Privat \/ H\u00edbrid[:] - FORMABINARI SL","og_description":"[vc_row][vc_column][vc_column_text] A FORMABINARI som especialistes en els serveis al Cloud, i amb el nostre nou servei de Cloud Privat \/ Hibrid oferim a les empreses la possibilitat de traslladar tota\u2026 read more &rarr;","og_url":"https:\/\/www.formabinari.com\/ca\/cloud-privat\/","og_site_name":"FORMABINARI SL","article_modified_time":"2024-10-16T20:01:01+00:00","twitter_card":"summary_large_image","twitter_misc":{"Est. reading time":"3 minutes"},"schema":{"@context":"https:\/\/schema.org","@graph":[{"@type":"WebPage","@id":"https:\/\/www.formabinari.com\/ca\/cloud-privat\/","url":"https:\/\/www.formabinari.com\/ca\/cloud-privat\/","name":"[:es]Cloud Privado \/ H\u00edbrido[:ca]Cloud Privat \/ H\u00edbrid[:] - FORMABINARI SL","isPartOf":{"@id":"https:\/\/www.formabinari.com\/#website"},"datePublished":"2024-10-15T13:48:51+00:00","dateModified":"2024-10-16T20:01:01+00:00","breadcrumb":{"@id":"https:\/\/www.formabinari.com\/ca\/cloud-privat\/#breadcrumb"},"inLanguage":"ca-ES","potentialAction":[{"@type":"ReadAction","target":["https:\/\/www.formabinari.com\/ca\/cloud-privat\/"]}]},{"@type":"BreadcrumbList","@id":"https:\/\/www.formabinari.com\/ca\/cloud-privat\/#breadcrumb","itemListElement":[{"@type":"ListItem","position":1,"name":"Portada","item":"https:\/\/www.formabinari.com\/"},{"@type":"ListItem","position":2,"name":"Cloud Privat \/ H\u00edbrid"}]},{"@type":"WebSite","@id":"https:\/\/www.formabinari.com\/#website","url":"https:\/\/www.formabinari.com\/","name":"FORMABINARI SL","description":"Internet Solutions","potentialAction":[{"@type":"SearchAction","target":{"@type":"EntryPoint","urlTemplate":"https:\/\/www.formabinari.com\/?s={search_term_string}"},"query-input":"required name=search_term_string"}],"inLanguage":"ca-ES"}]}},"_links":{"self":[{"href":"https:\/\/www.formabinari.com\/ca\/wp-json\/wp\/v2\/pages\/640","targetHints":{"allow":["GET"]}}],"collection":[{"href":"https:\/\/www.formabinari.com\/ca\/wp-json\/wp\/v2\/pages"}],"about":[{"href":"https:\/\/www.formabinari.com\/ca\/wp-json\/wp\/v2\/types\/page"}],"author":[{"embeddable":true,"href":"https:\/\/www.formabinari.com\/ca\/wp-json\/wp\/v2\/users\/1"}],"replies":[{"embeddable":true,"href":"https:\/\/www.formabinari.com\/ca\/wp-json\/wp\/v2\/comments?post=640"}],"version-history":[{"count":25,"href":"https:\/\/www.formabinari.com\/ca\/wp-json\/wp\/v2\/pages\/640\/revisions"}],"predecessor-version":[{"id":1114,"href":"https:\/\/www.formabinari.com\/ca\/wp-json\/wp\/v2\/pages\/640\/revisions\/1114"}],"wp:attachment":[{"href":"https:\/\/www.formabinari.com\/ca\/wp-json\/wp\/v2\/media?parent=640"}],"curies":[{"name":"wp","href":"https:\/\/api.w.org\/{rel}","templated":true}]}}